{"id":48,"date":"2026-01-10T10:29:17","date_gmt":"2026-01-10T10:29:17","guid":{"rendered":"https:\/\/workvoxbv.com\/?page_id=48"},"modified":"2026-01-27T10:05:36","modified_gmt":"2026-01-27T10:05:36","slug":"certifications","status":"publish","type":"page","link":"https:\/\/workvoxbv.com\/hu\/index.php\/certifications\/","title":{"rendered":"Tan\u00fas\u00edtv\u00e1nyok \u00e9s enged\u00e9lyek"},"content":{"rendered":"<p data-start=\"1244\" data-end=\"1477\">V\u00e1llalatunk a nemzeti \u00e9s uni\u00f3s munka\u00fcgyi szab\u00e1lyoz\u00e1sok teljes k\u00f6r\u0171 betart\u00e1s\u00e1val m\u0171k\u00f6dik. Rendelkez\u00fcnk minden olyan sz\u00fcks\u00e9ges enged\u00e9llyel \u00e9s tan\u00fas\u00edtv\u00e1nnyal, amely a munkaer\u0151-k\u00f6lcs\u00f6nz\u00e9si \u00e9s toborz\u00e1si tev\u00e9kenys\u00e9gek v\u00e9gz\u00e9s\u00e9hez sz\u00fcks\u00e9ges.<\/p>\n<p data-start=\"1479\" data-end=\"1663\">A tan\u00fas\u00edtv\u00e1nyok biztos\u00edtj\u00e1k az \u00e1tl\u00e1that\u00f3s\u00e1got, a jogbiztons\u00e1got \u00e9s partnereink bizalm\u00e1t. Ezek t\u00fckr\u00f6zik elk\u00f6telezetts\u00e9g\u00fcnket az etikus m\u0171k\u00f6d\u00e9s, az adatv\u00e9delem \u00e9s a szakmai norm\u00e1k ir\u00e1nt.<\/p>\n<p data-start=\"1665\" data-end=\"1760\">A jogszab\u00e1lyi megfelel\u00e9s sz\u00e1munkra nem csup\u00e1n k\u00f6vetelm\u00e9ny \u2013 hanem v\u00e1llalatunk egyik alap\u00e9rt\u00e9ke.<\/p>\n","protected":false},"excerpt":{"rendered":"<p>V\u00e1llalatunk a nemzeti \u00e9s uni\u00f3s munka\u00fcgyi szab\u00e1lyoz\u00e1sok teljes k\u00f6r\u0171 betart\u00e1s\u00e1val m\u0171k\u00f6dik. Rendelkez\u00fcnk minden olyan sz\u00fcks\u00e9ges enged\u00e9llyel \u00e9s tan\u00fas\u00edtv\u00e1nnyal, amely a munkaer\u0151-k\u00f6lcs\u00f6nz\u00e9si \u00e9s toborz\u00e1si tev\u00e9kenys\u00e9gek v\u00e9gz\u00e9s\u00e9hez sz\u00fcks\u00e9ges. A tan\u00fas\u00edtv\u00e1nyok biztos\u00edtj\u00e1k az \u00e1tl\u00e1that\u00f3s\u00e1got, a jogbiztons\u00e1got \u00e9s partnereink bizalm\u00e1t. Ezek t\u00fckr\u00f6zik elk\u00f6telezetts\u00e9g\u00fcnket az etikus m\u0171k\u00f6d\u00e9s, az adatv\u00e9delem \u00e9s a szakmai norm\u00e1k ir\u00e1nt. A jogszab\u00e1lyi megfelel\u00e9s sz\u00e1munkra nem csup\u00e1n [&hellip;]<\/p>\n","protected":false},"author":1,"featured_media":0,"parent":0,"menu_order":0,"comment_status":"closed","ping_status":"closed","template":"","meta":{"_regular_price":[],"currency_symbol":[],"footnotes":""},"class_list":["post-48","page","type-page","status-publish","hentry"],"post_slider_layout_featured_media_urls":{"thumbnail":"","post_slider_layout_landscape_large":"","post_slider_layout_portrait_large":"","post_slider_layout_square_large":"","post_slider_layout_landscape":"","post_slider_layout_portrait":"","post_slider_layout_square":"","full":""},"_links":{"self":[{"href":"https:\/\/workvoxbv.com\/hu\/index.php\/wp-json\/wp\/v2\/pages\/48","targetHints":{"allow":["GET"]}}],"collection":[{"href":"https:\/\/workvoxbv.com\/hu\/index.php\/wp-json\/wp\/v2\/pages"}],"about":[{"href":"https:\/\/workvoxbv.com\/hu\/index.php\/wp-json\/wp\/v2\/types\/page"}],"author":[{"embeddable":true,"href":"https:\/\/workvoxbv.com\/hu\/index.php\/wp-json\/wp\/v2\/users\/1"}],"replies":[{"embeddable":true,"href":"https:\/\/workvoxbv.com\/hu\/index.php\/wp-json\/wp\/v2\/comments?post=48"}],"version-history":[{"count":5,"href":"https:\/\/workvoxbv.com\/hu\/index.php\/wp-json\/wp\/v2\/pages\/48\/revisions"}],"predecessor-version":[{"id":144,"href":"https:\/\/workvoxbv.com\/hu\/index.php\/wp-json\/wp\/v2\/pages\/48\/revisions\/144"}],"wp:attachment":[{"href":"https:\/\/workvoxbv.com\/hu\/index.php\/wp-json\/wp\/v2\/media?parent=48"}],"curies":[{"name":"wp","href":"https:\/\/api.w.org\/{rel}","templated":true}]}}