{"id":46,"date":"2026-01-10T10:29:08","date_gmt":"2026-01-10T10:29:08","guid":{"rendered":"https:\/\/workvoxbv.com\/?page_id=46"},"modified":"2026-01-27T10:03:36","modified_gmt":"2026-01-27T10:03:36","slug":"awards","status":"publish","type":"page","link":"https:\/\/workvoxbv.com\/hu\/index.php\/awards\/","title":{"rendered":"D\u00edjak \u00e9s elismer\u00e9sek"},"content":{"rendered":"<p data-start=\"1222\" data-end=\"1455\">A min\u0151s\u00e9g \u00e9s a professzionalizmus ir\u00e1nti elk\u00f6telezetts\u00e9g\u00fcnket sz\u00e1mos ipar\u00e1gi elismer\u00e9s \u00e9s d\u00edj igazolja. Ezek a kit\u00fcntet\u00e9sek folyamatos t\u00f6rekv\u00e9seinket t\u00fckr\u00f6zik arra, hogy szolg\u00e1ltat\u00e1sainkat fejlessz\u00fck \u00e9s t\u00falteljes\u00edts\u00fck az elv\u00e1r\u00e1sokat.<img fetchpriority=\"high\" decoding=\"async\" class=\"size-medium wp-image-93 alignright\" src=\"https:\/\/workvoxbv.com\/wp-content\/uploads\/2026\/01\/medium-shot-people-chatting-work-1-300x200.jpg\" alt=\"\" width=\"300\" height=\"200\" srcset=\"https:\/\/workvoxbv.com\/wp-content\/uploads\/2026\/01\/medium-shot-people-chatting-work-1-300x200.jpg 300w, https:\/\/workvoxbv.com\/wp-content\/uploads\/2026\/01\/medium-shot-people-chatting-work-1-1024x683.jpg 1024w, https:\/\/workvoxbv.com\/wp-content\/uploads\/2026\/01\/medium-shot-people-chatting-work-1-768x512.jpg 768w, https:\/\/workvoxbv.com\/wp-content\/uploads\/2026\/01\/medium-shot-people-chatting-work-1-1536x1024.jpg 1536w, https:\/\/workvoxbv.com\/wp-content\/uploads\/2026\/01\/medium-shot-people-chatting-work-1-2048x1365.jpg 2048w, https:\/\/workvoxbv.com\/wp-content\/uploads\/2026\/01\/medium-shot-people-chatting-work-1-1200x800.jpg 1200w, https:\/\/workvoxbv.com\/wp-content\/uploads\/2026\/01\/medium-shot-people-chatting-work-1-600x400.jpg 600w\" sizes=\"(max-width: 300px) 100vw, 300px\" \/><\/p>\n<p data-start=\"1457\" data-end=\"1649\">A d\u00edjak motiv\u00e1lnak benn\u00fcnket a magas sz\u00ednvonal fenntart\u00e1s\u00e1ra, folyamataink innov\u00e1ci\u00f3j\u00e1ra, valamint arra, hogy tov\u00e1bbra is megb\u00edzhat\u00f3 partnerk\u00e9nt m\u0171k\u00f6dj\u00fcnk a munkaer\u0151piaci megold\u00e1sok ter\u00fclet\u00e9n.<\/p>\n<p data-start=\"1651\" data-end=\"1712\">Az ipar\u00e1gi visszajelz\u00e9sek meger\u0151s\u00edtik, hogy j\u00f3 \u00faton haladunk.<\/p>\n","protected":false},"excerpt":{"rendered":"<p>A min\u0151s\u00e9g \u00e9s a professzionalizmus ir\u00e1nti elk\u00f6telezetts\u00e9g\u00fcnket sz\u00e1mos ipar\u00e1gi elismer\u00e9s \u00e9s d\u00edj igazolja. Ezek a kit\u00fcntet\u00e9sek folyamatos t\u00f6rekv\u00e9seinket t\u00fckr\u00f6zik arra, hogy szolg\u00e1ltat\u00e1sainkat fejlessz\u00fck \u00e9s t\u00falteljes\u00edts\u00fck az elv\u00e1r\u00e1sokat. A d\u00edjak motiv\u00e1lnak benn\u00fcnket a magas sz\u00ednvonal fenntart\u00e1s\u00e1ra, folyamataink innov\u00e1ci\u00f3j\u00e1ra, valamint arra, hogy tov\u00e1bbra is megb\u00edzhat\u00f3 partnerk\u00e9nt m\u0171k\u00f6dj\u00fcnk a munkaer\u0151piaci megold\u00e1sok ter\u00fclet\u00e9n. Az ipar\u00e1gi visszajelz\u00e9sek meger\u0151s\u00edtik, hogy j\u00f3 [&hellip;]<\/p>\n","protected":false},"author":1,"featured_media":0,"parent":0,"menu_order":0,"comment_status":"closed","ping_status":"closed","template":"","meta":{"_regular_price":[],"currency_symbol":[],"footnotes":""},"class_list":["post-46","page","type-page","status-publish","hentry"],"post_slider_layout_featured_media_urls":{"thumbnail":"","post_slider_layout_landscape_large":"","post_slider_layout_portrait_large":"","post_slider_layout_square_large":"","post_slider_layout_landscape":"","post_slider_layout_portrait":"","post_slider_layout_square":"","full":""},"_links":{"self":[{"href":"https:\/\/workvoxbv.com\/hu\/index.php\/wp-json\/wp\/v2\/pages\/46","targetHints":{"allow":["GET"]}}],"collection":[{"href":"https:\/\/workvoxbv.com\/hu\/index.php\/wp-json\/wp\/v2\/pages"}],"about":[{"href":"https:\/\/workvoxbv.com\/hu\/index.php\/wp-json\/wp\/v2\/types\/page"}],"author":[{"embeddable":true,"href":"https:\/\/workvoxbv.com\/hu\/index.php\/wp-json\/wp\/v2\/users\/1"}],"replies":[{"embeddable":true,"href":"https:\/\/workvoxbv.com\/hu\/index.php\/wp-json\/wp\/v2\/comments?post=46"}],"version-history":[{"count":5,"href":"https:\/\/workvoxbv.com\/hu\/index.php\/wp-json\/wp\/v2\/pages\/46\/revisions"}],"predecessor-version":[{"id":141,"href":"https:\/\/workvoxbv.com\/hu\/index.php\/wp-json\/wp\/v2\/pages\/46\/revisions\/141"}],"wp:attachment":[{"href":"https:\/\/workvoxbv.com\/hu\/index.php\/wp-json\/wp\/v2\/media?parent=46"}],"curies":[{"name":"wp","href":"https:\/\/api.w.org\/{rel}","templated":true}]}}