{"id":40,"date":"2026-01-10T10:28:41","date_gmt":"2026-01-10T10:28:41","guid":{"rendered":"https:\/\/workvoxbv.com\/?page_id=40"},"modified":"2026-01-27T13:12:37","modified_gmt":"2026-01-27T13:12:37","slug":"introduction","status":"publish","type":"page","link":"https:\/\/workvoxbv.com\/hu\/index.php\/introduction\/","title":{"rendered":"Bevezet\u00e9s"},"content":{"rendered":"<p data-start=\"249\" data-end=\"542\">\n<img fetchpriority=\"high\" decoding=\"async\" class=\"size-medium wp-image-90 alignright\" src=\"https:\/\/workvoxbv.com\/wp-content\/uploads\/2026\/01\/people-analyzing-checking-finance-graphs-office-300x200.jpg\" alt=\"\" width=\"300\" height=\"200\" srcset=\"https:\/\/workvoxbv.com\/wp-content\/uploads\/2026\/01\/people-analyzing-checking-finance-graphs-office-300x200.jpg 300w, https:\/\/workvoxbv.com\/wp-content\/uploads\/2026\/01\/people-analyzing-checking-finance-graphs-office-1024x684.jpg 1024w, https:\/\/workvoxbv.com\/wp-content\/uploads\/2026\/01\/people-analyzing-checking-finance-graphs-office-768x513.jpg 768w, https:\/\/workvoxbv.com\/wp-content\/uploads\/2026\/01\/people-analyzing-checking-finance-graphs-office-1536x1025.jpg 1536w, https:\/\/workvoxbv.com\/wp-content\/uploads\/2026\/01\/people-analyzing-checking-finance-graphs-office-2048x1367.jpg 2048w, https:\/\/workvoxbv.com\/wp-content\/uploads\/2026\/01\/people-analyzing-checking-finance-graphs-office-1200x800.jpg 1200w, https:\/\/workvoxbv.com\/wp-content\/uploads\/2026\/01\/people-analyzing-checking-finance-graphs-office-600x400.jpg 600w\" sizes=\"(max-width: 300px) 100vw, 300px\" \/><\/p>\n<p data-start=\"1756\" data-end=\"1856\">\u00dcdv\u00f6z\u00f6lj\u00fck munkaer\u0151-megold\u00e1sokkal foglalkoz\u00f3 c\u00e9g\u00fcnkn\u00e9l, ahol az emberek \u00e9s v\u00e1llalatok tal\u00e1lkoznak.<\/p>\n<p data-start=\"1858\" data-end=\"2104\">Megb\u00edzhat\u00f3 \u00e9s rugalmas munkaer\u0151-szolg\u00e1ltat\u00e1sokat ny\u00fajtunk, amelyek t\u00e1mogatj\u00e1k a v\u00e1llalatokat a mai gyorsan v\u00e1ltoz\u00f3 munkaer\u0151piacon. F\u0151 c\u00e9lunk hossz\u00fa t\u00e1v\u00fa partnerkapcsolatok ki\u00e9p\u00edt\u00e9se, amelyek bizalmon, \u00e1tl\u00e1that\u00f3s\u00e1gon \u00e9s teljes\u00edtm\u00e9nyen alapulnak.<\/p>\n<p data-start=\"2106\" data-end=\"2360\">Az ipar\u00e1gi szak\u00e9rtelmet szem\u00e9lyes hozz\u00e1\u00e1ll\u00e1ssal \u00f6tv\u00f6zve seg\u00edtj\u00fck a munk\u00e1ltat\u00f3kat a sz\u00fcks\u00e9ges munkaer\u0151 biztos\u00edt\u00e1s\u00e1ban, mik\u00f6zben az \u00e1ll\u00e1skeres\u0151k sz\u00e1m\u00e1ra stabil \u00e9s jogszer\u0171 munkalehet\u0151s\u00e9geket k\u00edn\u00e1lunk. C\u00e9lunk \u00e9rt\u00e9ket teremteni minden \u00e9rintett f\u00e9l sz\u00e1m\u00e1ra.<\/p>\n<p data-start=\"2362\" data-end=\"2503\">\u00dagy v\u00e9lj\u00fck, a sikeres munkaer\u0151-k\u00f6zvet\u00edt\u00e9s nem csup\u00e1n a poz\u00edci\u00f3k bet\u00f6lt\u00e9s\u00e9r\u0151l sz\u00f3l, hanem a fenntarthat\u00f3 munkakapcsolatok kialak\u00edt\u00e1s\u00e1r\u00f3l is.<\/p>\n","protected":false},"excerpt":{"rendered":"<p>\u00dcdv\u00f6z\u00f6lj\u00fck munkaer\u0151-megold\u00e1sokkal foglalkoz\u00f3 c\u00e9g\u00fcnkn\u00e9l, ahol az emberek \u00e9s v\u00e1llalatok tal\u00e1lkoznak. Megb\u00edzhat\u00f3 \u00e9s rugalmas munkaer\u0151-szolg\u00e1ltat\u00e1sokat ny\u00fajtunk, amelyek t\u00e1mogatj\u00e1k a v\u00e1llalatokat a mai gyorsan v\u00e1ltoz\u00f3 munkaer\u0151piacon. F\u0151 c\u00e9lunk hossz\u00fa t\u00e1v\u00fa partnerkapcsolatok ki\u00e9p\u00edt\u00e9se, amelyek bizalmon, \u00e1tl\u00e1that\u00f3s\u00e1gon \u00e9s teljes\u00edtm\u00e9nyen alapulnak. Az ipar\u00e1gi szak\u00e9rtelmet szem\u00e9lyes hozz\u00e1\u00e1ll\u00e1ssal \u00f6tv\u00f6zve seg\u00edtj\u00fck a munk\u00e1ltat\u00f3kat a sz\u00fcks\u00e9ges munkaer\u0151 biztos\u00edt\u00e1s\u00e1ban, mik\u00f6zben az \u00e1ll\u00e1skeres\u0151k sz\u00e1m\u00e1ra stabil \u00e9s [&hellip;]<\/p>\n","protected":false},"author":1,"featured_media":0,"parent":0,"menu_order":0,"comment_status":"closed","ping_status":"closed","template":"","meta":{"_regular_price":[],"currency_symbol":[],"footnotes":""},"class_list":["post-40","page","type-page","status-publish","hentry"],"post_slider_layout_featured_media_urls":{"thumbnail":"","post_slider_layout_landscape_large":"","post_slider_layout_portrait_large":"","post_slider_layout_square_large":"","post_slider_layout_landscape":"","post_slider_layout_portrait":"","post_slider_layout_square":"","full":""},"_links":{"self":[{"href":"https:\/\/workvoxbv.com\/hu\/index.php\/wp-json\/wp\/v2\/pages\/40","targetHints":{"allow":["GET"]}}],"collection":[{"href":"https:\/\/workvoxbv.com\/hu\/index.php\/wp-json\/wp\/v2\/pages"}],"about":[{"href":"https:\/\/workvoxbv.com\/hu\/index.php\/wp-json\/wp\/v2\/types\/page"}],"author":[{"embeddable":true,"href":"https:\/\/workvoxbv.com\/hu\/index.php\/wp-json\/wp\/v2\/users\/1"}],"replies":[{"embeddable":true,"href":"https:\/\/workvoxbv.com\/hu\/index.php\/wp-json\/wp\/v2\/comments?post=40"}],"version-history":[{"count":6,"href":"https:\/\/workvoxbv.com\/hu\/index.php\/wp-json\/wp\/v2\/pages\/40\/revisions"}],"predecessor-version":[{"id":167,"href":"https:\/\/workvoxbv.com\/hu\/index.php\/wp-json\/wp\/v2\/pages\/40\/revisions\/167"}],"wp:attachment":[{"href":"https:\/\/workvoxbv.com\/hu\/index.php\/wp-json\/wp\/v2\/media?parent=40"}],"curies":[{"name":"wp","href":"https:\/\/api.w.org\/{rel}","templated":true}]}}