{"id":36,"date":"2026-01-10T10:28:23","date_gmt":"2026-01-10T10:28:23","guid":{"rendered":"https:\/\/workvoxbv.com\/?page_id=36"},"modified":"2026-01-27T12:58:10","modified_gmt":"2026-01-27T12:58:10","slug":"for-companies","status":"publish","type":"page","link":"https:\/\/workvoxbv.com\/hu\/index.php\/for-companies\/","title":{"rendered":"V\u00e1llalatok sz\u00e1m\u00e1ra"},"content":{"rendered":"<p data-start=\"215\" data-end=\"466\">\n<img fetchpriority=\"high\" decoding=\"async\" class=\"size-medium wp-image-90 alignright\" src=\"https:\/\/workvoxbv.com\/wp-content\/uploads\/2026\/01\/people-analyzing-checking-finance-graphs-office-300x200.jpg\" alt=\"\" width=\"300\" height=\"200\" srcset=\"https:\/\/workvoxbv.com\/wp-content\/uploads\/2026\/01\/people-analyzing-checking-finance-graphs-office-300x200.jpg 300w, https:\/\/workvoxbv.com\/wp-content\/uploads\/2026\/01\/people-analyzing-checking-finance-graphs-office-1024x684.jpg 1024w, https:\/\/workvoxbv.com\/wp-content\/uploads\/2026\/01\/people-analyzing-checking-finance-graphs-office-768x513.jpg 768w, https:\/\/workvoxbv.com\/wp-content\/uploads\/2026\/01\/people-analyzing-checking-finance-graphs-office-1536x1025.jpg 1536w, https:\/\/workvoxbv.com\/wp-content\/uploads\/2026\/01\/people-analyzing-checking-finance-graphs-office-2048x1367.jpg 2048w, https:\/\/workvoxbv.com\/wp-content\/uploads\/2026\/01\/people-analyzing-checking-finance-graphs-office-1200x800.jpg 1200w, https:\/\/workvoxbv.com\/wp-content\/uploads\/2026\/01\/people-analyzing-checking-finance-graphs-office-600x400.jpg 600w\" sizes=\"(max-width: 300px) 100vw, 300px\" \/><\/p>\n<p data-start=\"2571\" data-end=\"2852\">A mai versenyk\u00e9pes \u00e9s gyorsan v\u00e1ltoz\u00f3 piaci k\u00f6rnyezetben elengedhetetlen a megb\u00edzhat\u00f3 \u00e9s rugalmas munkaer\u0151h\u00f6z val\u00f3 hozz\u00e1f\u00e9r\u00e9s. Professzion\u00e1lis munkaer\u0151-megold\u00e1sokkal t\u00e1mogatjuk a v\u00e1llalatokat a munkaer\u0151hi\u00e1ny, a szezon\u00e1lis cs\u00facsid\u0151szakok \u00e9s a hossz\u00fa t\u00e1v\u00fa l\u00e9tsz\u00e1mig\u00e9nyek kezel\u00e9s\u00e9ben.<\/p>\n<p data-start=\"2854\" data-end=\"3227\">Szolg\u00e1ltat\u00e1saink k\u00f6z\u00e9 tartozik a munkaer\u0151-k\u00f6lcs\u00f6nz\u00e9s, toborz\u00e1s \u00e9s k\u00f6zvet\u00edt\u00e9s, harmadik orsz\u00e1gbeli munkaer\u0151 megold\u00e1sok, valamint di\u00e1k- \u00e9s nyugd\u00edjas foglalkoztat\u00e1s. A teljes folyamatot \u00e1tv\u00e1llaljuk \u2013 a jel\u00f6ltek kiv\u00e1laszt\u00e1s\u00e1t\u00f3l \u00e9s munkaszerz\u0151d\u00e9sek kezel\u00e9s\u00e9t\u0151l kezdve a b\u00e9rsz\u00e1mfejt\u00e9sen \u00e9s adminisztr\u00e1ci\u00f3n \u00e1t \u2013, biztos\u00edtva a teljes jogszab\u00e1lyi megfelel\u00e9st \u00e9s a hat\u00e9kony m\u0171k\u00f6d\u00e9st.<\/p>\n<p data-start=\"3229\" data-end=\"3526\">Az egy\u00fcttm\u0171k\u00f6d\u00e9s r\u00e9v\u00e9n partnereink cs\u00f6kkenthetik adminisztrat\u00edv terheiket, kisz\u00e1m\u00edthat\u00f3 munkaer\u0151k\u00f6lts\u00e9gekkel sz\u00e1molhatnak, \u00e9s hozz\u00e1f\u00e9r\u00e9st kapnak el\u0151sz\u0171rt, motiv\u00e1lt munkav\u00e1llal\u00f3khoz. Hossz\u00fa t\u00e1v\u00fa partners\u00e9gekben, egy\u00e9rtelm\u0171 kommunik\u00e1ci\u00f3ban \u00e9s az \u00fczleti c\u00e9lokhoz igaz\u00edtott megold\u00e1sokban gondolkodunk.<\/p>\n<p data-start=\"3528\" data-end=\"3672\">Legyen sz\u00f3 ideiglenes munkaer\u0151r\u0151l vagy hossz\u00fa t\u00e1v\u00fa t\u00e1mogat\u00e1sr\u00f3l, megb\u00edzhat\u00f3 megold\u00e1sokat k\u00edn\u00e1lunk, hogy \u00d6n a f\u0151 tev\u00e9kenys\u00e9g\u00e9re koncentr\u00e1lhasson.<\/p>\n<p data-start=\"1036\" data-end=\"1177\"><style id=\"wpforms-css-vars-82\">\n\t\t\t\t#wpforms-82 {\n\t\t\t\t--wpforms-container-padding: 0px;\n--wpforms-container-border-width: 1px;\n--wpforms-container-border-radius: 3px;\n--wpforms-background-color: rgba(0, 0, 0, 0);\n--wpforms-field-size-input-height: 43px;\n--wpforms-field-size-input-spacing: 15px;\n--wpforms-field-size-font-size: 16px;\n--wpforms-field-size-line-height: 19px;\n--wpforms-field-size-padding-h: 14px;\n--wpforms-field-size-checkbox-size: 16px;\n--wpforms-field-size-sublabel-spacing: 5px;\n--wpforms-field-size-icon-size: 1;\n--wpforms-label-size-font-size: 16px;\n--wpforms-label-size-line-height: 19px;\n--wpforms-label-size-sublabel-font-size: 14px;\n--wpforms-label-size-sublabel-line-height: 17px;\n--wpforms-button-size-font-size: 17px;\n--wpforms-button-size-height: 41px;\n--wpforms-button-size-padding-h: 15px;\n--wpforms-button-size-margin-top: 10px;\n--wpforms-container-shadow-size-box-shadow: none;\n\t\t\t}\n\t\t\t<\/style><div class=\"wpforms-container wpforms-container-full wpforms-render-modern\" id=\"wpforms-82\"><form id=\"wpforms-form-82\" class=\"wpforms-validate wpforms-form wpforms-ajax-form\" data-formid=\"82\" method=\"post\" enctype=\"multipart\/form-data\" action=\"\/hu\/index.php\/wp-json\/wp\/v2\/pages\/36\" data-token=\"c4cac9089a78e3d112ef69975429b026\" data-token-time=\"1776582996\"><noscript class=\"wpforms-error-noscript\">Please enable JavaScript in your browser to complete this form.<\/noscript><div id=\"wpforms-error-noscript\" style=\"display: none;\">Please enable JavaScript in your browser to complete this form.<\/div><div class=\"wpforms-field-container\"><div id=\"wpforms-82-field_1-container\" class=\"wpforms-field wpforms-field-name\" data-field-id=\"1\"><fieldset><legend class=\"wpforms-field-label\">Name <span class=\"wpforms-required-label\" aria-hidden=\"true\">*<\/span><\/legend><div class=\"wpforms-field-row wpforms-field-medium\"><div class=\"wpforms-field-row-block wpforms-first wpforms-one-half\"><input type=\"text\" id=\"wpforms-82-field_1\" class=\"wpforms-field-name-first wpforms-field-required\" name=\"wpforms[fields][1][first]\" aria-errormessage=\"wpforms-82-field_1-error\" required><label for=\"wpforms-82-field_1\" class=\"wpforms-field-sublabel after\">First<\/label><\/div><div class=\"wpforms-field-row-block wpforms-one-half\"><input type=\"text\" id=\"wpforms-82-field_1-last\" class=\"wpforms-field-name-last wpforms-field-required\" name=\"wpforms[fields][1][last]\" aria-errormessage=\"wpforms-82-field_1-last-error\" required><label for=\"wpforms-82-field_1-last\" class=\"wpforms-field-sublabel after\">Last<\/label><\/div><\/div><\/fieldset><\/div>\t\t<div id=\"wpforms-82-field_5-container\"\n\t\t\tclass=\"wpforms-field wpforms-field-text\"\n\t\t\tdata-field-type=\"text\"\n\t\t\tdata-field-id=\"5\"\n\t\t\t>\n\t\t\t<label class=\"wpforms-field-label\" for=\"wpforms-82-field_5\" >Email Name Comment<\/label>\n\t\t\t<input type=\"text\" id=\"wpforms-82-field_5\" class=\"wpforms-field-medium\" name=\"wpforms[fields][5]\" >\n\t\t<\/div>\n\t\t<div id=\"wpforms-82-field_2-container\" class=\"wpforms-field wpforms-field-email\" data-field-id=\"2\"><label class=\"wpforms-field-label\" for=\"wpforms-82-field_2\">Email <span class=\"wpforms-required-label\" aria-hidden=\"true\">*<\/span><\/label><input type=\"email\" id=\"wpforms-82-field_2\" class=\"wpforms-field-medium wpforms-field-required\" name=\"wpforms[fields][2]\" spellcheck=\"false\" aria-errormessage=\"wpforms-82-field_2-error\" required><\/div><div id=\"wpforms-82-field_4-container\" class=\"wpforms-field wpforms-field-number\" data-field-id=\"4\"><label class=\"wpforms-field-label\" for=\"wpforms-82-field_4\">Phone<\/label><input type=\"number\" id=\"wpforms-82-field_4\" class=\"wpforms-field-medium\" name=\"wpforms[fields][4]\" step=\"any\" aria-errormessage=\"wpforms-82-field_4-error\" ><\/div><div id=\"wpforms-82-field_3-container\" class=\"wpforms-field wpforms-field-textarea\" data-field-id=\"3\"><label class=\"wpforms-field-label\" for=\"wpforms-82-field_3\">Comment or Message<\/label><textarea id=\"wpforms-82-field_3\" class=\"wpforms-field-medium\" name=\"wpforms[fields][3]\" aria-errormessage=\"wpforms-82-field_3-error\" ><\/textarea><\/div><script>\n\t\t\t\t( function() {\n\t\t\t\t\tconst style = document.createElement( 'style' );\n\t\t\t\t\tstyle.appendChild( document.createTextNode( '#wpforms-82-field_5-container { position: absolute !important; overflow: hidden !important; display: inline !important; height: 1px !important; width: 1px !important; z-index: -1000 !important; padding: 0 !important; } #wpforms-82-field_5-container input { visibility: hidden; } #wpforms-conversational-form-page #wpforms-82-field_5-container label { counter-increment: none; }' ) );\n\t\t\t\t\tdocument.head.appendChild( style );\n\t\t\t\t\tdocument.currentScript?.remove();\n\t\t\t\t} )();\n\t\t\t<\/script><\/div><!-- .wpforms-field-container --><div class=\"wpforms-submit-container\" ><input type=\"hidden\" name=\"wpforms[id]\" value=\"82\"><input type=\"hidden\" name=\"page_title\" value=\"\"><input type=\"hidden\" name=\"page_url\" value=\"https:\/\/workvoxbv.com\/hu\/index.php\/wp-json\/wp\/v2\/pages\/36\"><input type=\"hidden\" name=\"url_referer\" value=\"\"><button type=\"submit\" name=\"wpforms[submit]\" id=\"wpforms-submit-82\" class=\"wpforms-submit\" data-alt-text=\"Sending...\" data-submit-text=\"Submit\" aria-live=\"assertive\" value=\"wpforms-submit\">Submit<\/button><img decoding=\"async\" src=\"https:\/\/workvoxbv.com\/wp-content\/plugins\/wpforms-lite\/assets\/images\/submit-spin.svg\" class=\"wpforms-submit-spinner\" style=\"display: none;\" width=\"26\" height=\"26\" alt=\"Loading\"><\/div><\/form><\/div>  <!-- .wpforms-container --><\/p>\n","protected":false},"excerpt":{"rendered":"<p>A mai versenyk\u00e9pes \u00e9s gyorsan v\u00e1ltoz\u00f3 piaci k\u00f6rnyezetben elengedhetetlen a megb\u00edzhat\u00f3 \u00e9s rugalmas munkaer\u0151h\u00f6z val\u00f3 hozz\u00e1f\u00e9r\u00e9s. Professzion\u00e1lis munkaer\u0151-megold\u00e1sokkal t\u00e1mogatjuk a v\u00e1llalatokat a munkaer\u0151hi\u00e1ny, a szezon\u00e1lis cs\u00facsid\u0151szakok \u00e9s a hossz\u00fa t\u00e1v\u00fa l\u00e9tsz\u00e1mig\u00e9nyek kezel\u00e9s\u00e9ben. Szolg\u00e1ltat\u00e1saink k\u00f6z\u00e9 tartozik a munkaer\u0151-k\u00f6lcs\u00f6nz\u00e9s, toborz\u00e1s \u00e9s k\u00f6zvet\u00edt\u00e9s, harmadik orsz\u00e1gbeli munkaer\u0151 megold\u00e1sok, valamint di\u00e1k- \u00e9s nyugd\u00edjas foglalkoztat\u00e1s. A teljes folyamatot \u00e1tv\u00e1llaljuk \u2013 a [&hellip;]<\/p>\n","protected":false},"author":1,"featured_media":0,"parent":0,"menu_order":0,"comment_status":"closed","ping_status":"closed","template":"","meta":{"_regular_price":[],"currency_symbol":[],"footnotes":""},"class_list":["post-36","page","type-page","status-publish","hentry"],"post_slider_layout_featured_media_urls":{"thumbnail":"","post_slider_layout_landscape_large":"","post_slider_layout_portrait_large":"","post_slider_layout_square_large":"","post_slider_layout_landscape":"","post_slider_layout_portrait":"","post_slider_layout_square":"","full":""},"_links":{"self":[{"href":"https:\/\/workvoxbv.com\/hu\/index.php\/wp-json\/wp\/v2\/pages\/36","targetHints":{"allow":["GET"]}}],"collection":[{"href":"https:\/\/workvoxbv.com\/hu\/index.php\/wp-json\/wp\/v2\/pages"}],"about":[{"href":"https:\/\/workvoxbv.com\/hu\/index.php\/wp-json\/wp\/v2\/types\/page"}],"author":[{"embeddable":true,"href":"https:\/\/workvoxbv.com\/hu\/index.php\/wp-json\/wp\/v2\/users\/1"}],"replies":[{"embeddable":true,"href":"https:\/\/workvoxbv.com\/hu\/index.php\/wp-json\/wp\/v2\/comments?post=36"}],"version-history":[{"count":7,"href":"https:\/\/workvoxbv.com\/hu\/index.php\/wp-json\/wp\/v2\/pages\/36\/revisions"}],"predecessor-version":[{"id":154,"href":"https:\/\/workvoxbv.com\/hu\/index.php\/wp-json\/wp\/v2\/pages\/36\/revisions\/154"}],"wp:attachment":[{"href":"https:\/\/workvoxbv.com\/hu\/index.php\/wp-json\/wp\/v2\/media?parent=36"}],"curies":[{"name":"wp","href":"https:\/\/api.w.org\/{rel}","templated":true}]}}