{"id":34,"date":"2026-01-10T10:28:14","date_gmt":"2026-01-10T10:28:14","guid":{"rendered":"https:\/\/workvoxbv.com\/?page_id=34"},"modified":"2026-01-27T13:06:57","modified_gmt":"2026-01-27T13:06:57","slug":"for-job-seekers","status":"publish","type":"page","link":"https:\/\/workvoxbv.com\/hu\/index.php\/for-job-seekers\/","title":{"rendered":"\u00c1ll\u00e1skeres\u0151k sz\u00e1m\u00e1ra"},"content":{"rendered":"<p><img fetchpriority=\"high\" decoding=\"async\" class=\"alignright wp-image-96 size-medium\" src=\"https:\/\/workvoxbv.com\/wp-content\/uploads\/2026\/01\/listening-mentor-with-attention-300x200.jpg\" alt=\"\" width=\"300\" height=\"200\" srcset=\"https:\/\/workvoxbv.com\/wp-content\/uploads\/2026\/01\/listening-mentor-with-attention-300x200.jpg 300w, https:\/\/workvoxbv.com\/wp-content\/uploads\/2026\/01\/listening-mentor-with-attention-1024x683.jpg 1024w, https:\/\/workvoxbv.com\/wp-content\/uploads\/2026\/01\/listening-mentor-with-attention-768x512.jpg 768w, https:\/\/workvoxbv.com\/wp-content\/uploads\/2026\/01\/listening-mentor-with-attention-1536x1024.jpg 1536w, https:\/\/workvoxbv.com\/wp-content\/uploads\/2026\/01\/listening-mentor-with-attention-2048x1365.jpg 2048w, https:\/\/workvoxbv.com\/wp-content\/uploads\/2026\/01\/listening-mentor-with-attention-1200x800.jpg 1200w, https:\/\/workvoxbv.com\/wp-content\/uploads\/2026\/01\/listening-mentor-with-attention-600x400.jpg 600w\" sizes=\"(max-width: 300px) 100vw, 300px\" \/><\/p>\n<p data-start=\"2139\" data-end=\"2423\">Hisz\u00fcnk abban, hogy a megfelel\u0151 munka megtal\u00e1l\u00e1sa t\u00f6bbr\u0151l sz\u00f3l, mint egy poz\u00edci\u00f3 bet\u00f6lt\u00e9s\u00e9r\u0151l \u2013 egy biztons\u00e1gos \u00e9s fenntarthat\u00f3 j\u00f6v\u0151 alapj\u00e1t jelenti. Az \u00e1ll\u00e1skeres\u0151ket jogszab\u00e1lyoknak megfelel\u0151, megb\u00edzhat\u00f3 munk\u00e1ltat\u00f3kn\u00e1l el\u00e9rhet\u0151 munkalehet\u0151s\u00e9gekkel t\u00e1mogatjuk, k\u00fcl\u00f6nb\u00f6z\u0151 ipar\u00e1gakban.<\/p>\n<p data-start=\"2425\" data-end=\"2790\">Csapatunk seg\u00edt olyan poz\u00edci\u00f3kat tal\u00e1lni, amelyek illeszkednek az \u00d6n k\u00e9szs\u00e9geihez, tapasztalataihoz \u00e9s szem\u00e9lyes c\u00e9ljaihoz. \u00c1tl\u00e1that\u00f3 szerz\u0151d\u00e9seket, korrekt b\u00e9rez\u00e9st \u00e9s folyamatos t\u00e1mogat\u00e1st biztos\u00edtunk a teljes foglalkoztat\u00e1s ideje alatt. Legyen sz\u00f3 teljes munkaid\u0151s \u00e1ll\u00e1sr\u00f3l, ideiglenes munk\u00e1r\u00f3l, di\u00e1kmunk\u00e1r\u00f3l vagy nyugd\u00edj ut\u00e1ni foglalkoztat\u00e1sr\u00f3l, sz\u00e1m\u00edthat r\u00e1nk.<\/p>\n<p data-start=\"2792\" data-end=\"2928\">Az els\u0151 jelentkez\u00e9st\u0151l kezdve a folyamatos munkav\u00e9gz\u00e9sig v\u00e9gig \u00d6n mellett \u00e1llunk, \u00e9s gondoskodunk a z\u00f6kken\u0151mentes, t\u00e1mogat\u00f3 folyamatr\u00f3l.<\/p>\n<p data-start=\"2930\" data-end=\"3046\">Az \u00d6n karrierje fontos sz\u00e1munkra \u2013 \u00e9s elk\u00f6telezettek vagyunk abban, hogy magabiztosan megtehesse a k\u00f6vetkez\u0151 l\u00e9p\u00e9st.<\/p>\n<p data-start=\"1913\" data-end=\"2010\"><style id=\"wpforms-css-vars-82\">\n\t\t\t\t#wpforms-82 {\n\t\t\t\t--wpforms-container-padding: 0px;\n--wpforms-container-border-width: 1px;\n--wpforms-container-border-radius: 3px;\n--wpforms-background-color: rgba(0, 0, 0, 0);\n--wpforms-field-size-input-height: 43px;\n--wpforms-field-size-input-spacing: 15px;\n--wpforms-field-size-font-size: 16px;\n--wpforms-field-size-line-height: 19px;\n--wpforms-field-size-padding-h: 14px;\n--wpforms-field-size-checkbox-size: 16px;\n--wpforms-field-size-sublabel-spacing: 5px;\n--wpforms-field-size-icon-size: 1;\n--wpforms-label-size-font-size: 16px;\n--wpforms-label-size-line-height: 19px;\n--wpforms-label-size-sublabel-font-size: 14px;\n--wpforms-label-size-sublabel-line-height: 17px;\n--wpforms-button-size-font-size: 17px;\n--wpforms-button-size-height: 41px;\n--wpforms-button-size-padding-h: 15px;\n--wpforms-button-size-margin-top: 10px;\n--wpforms-container-shadow-size-box-shadow: none;\n\t\t\t}\n\t\t\t<\/style><div class=\"wpforms-container wpforms-container-full wpforms-render-modern\" id=\"wpforms-82\"><form id=\"wpforms-form-82\" class=\"wpforms-validate wpforms-form wpforms-ajax-form\" data-formid=\"82\" method=\"post\" enctype=\"multipart\/form-data\" action=\"\/hu\/index.php\/wp-json\/wp\/v2\/pages\/34\" data-token=\"c4cac9089a78e3d112ef69975429b026\" data-token-time=\"1776582996\"><noscript class=\"wpforms-error-noscript\">Please enable JavaScript in your browser to complete this form.<\/noscript><div id=\"wpforms-error-noscript\" style=\"display: none;\">Please enable JavaScript in your browser to complete this form.<\/div><div class=\"wpforms-field-container\">\t\t<div id=\"wpforms-82-field_5-container\"\n\t\t\tclass=\"wpforms-field wpforms-field-text\"\n\t\t\tdata-field-type=\"text\"\n\t\t\tdata-field-id=\"5\"\n\t\t\t>\n\t\t\t<label class=\"wpforms-field-label\" for=\"wpforms-82-field_5\" >Name Message or<\/label>\n\t\t\t<input type=\"text\" id=\"wpforms-82-field_5\" class=\"wpforms-field-medium\" name=\"wpforms[fields][5]\" >\n\t\t<\/div>\n\t\t<div id=\"wpforms-82-field_1-container\" class=\"wpforms-field wpforms-field-name\" data-field-id=\"1\"><fieldset><legend class=\"wpforms-field-label\">Name <span class=\"wpforms-required-label\" aria-hidden=\"true\">*<\/span><\/legend><div class=\"wpforms-field-row wpforms-field-medium\"><div class=\"wpforms-field-row-block wpforms-first wpforms-one-half\"><input type=\"text\" id=\"wpforms-82-field_1\" class=\"wpforms-field-name-first wpforms-field-required\" name=\"wpforms[fields][1][first]\" aria-errormessage=\"wpforms-82-field_1-error\" required><label for=\"wpforms-82-field_1\" class=\"wpforms-field-sublabel after\">First<\/label><\/div><div class=\"wpforms-field-row-block wpforms-one-half\"><input type=\"text\" id=\"wpforms-82-field_1-last\" class=\"wpforms-field-name-last wpforms-field-required\" name=\"wpforms[fields][1][last]\" aria-errormessage=\"wpforms-82-field_1-last-error\" required><label for=\"wpforms-82-field_1-last\" class=\"wpforms-field-sublabel after\">Last<\/label><\/div><\/div><\/fieldset><\/div><div id=\"wpforms-82-field_2-container\" class=\"wpforms-field wpforms-field-email\" data-field-id=\"2\"><label class=\"wpforms-field-label\" for=\"wpforms-82-field_2\">Email <span class=\"wpforms-required-label\" aria-hidden=\"true\">*<\/span><\/label><input type=\"email\" id=\"wpforms-82-field_2\" class=\"wpforms-field-medium wpforms-field-required\" name=\"wpforms[fields][2]\" spellcheck=\"false\" aria-errormessage=\"wpforms-82-field_2-error\" required><\/div><div id=\"wpforms-82-field_4-container\" class=\"wpforms-field wpforms-field-number\" data-field-id=\"4\"><label class=\"wpforms-field-label\" for=\"wpforms-82-field_4\">Phone<\/label><input type=\"number\" id=\"wpforms-82-field_4\" class=\"wpforms-field-medium\" name=\"wpforms[fields][4]\" step=\"any\" aria-errormessage=\"wpforms-82-field_4-error\" ><\/div><div id=\"wpforms-82-field_3-container\" class=\"wpforms-field wpforms-field-textarea\" data-field-id=\"3\"><label class=\"wpforms-field-label\" for=\"wpforms-82-field_3\">Comment or Message<\/label><textarea id=\"wpforms-82-field_3\" class=\"wpforms-field-medium\" name=\"wpforms[fields][3]\" aria-errormessage=\"wpforms-82-field_3-error\" ><\/textarea><\/div><script>\n\t\t\t\t( function() {\n\t\t\t\t\tconst style = document.createElement( 'style' );\n\t\t\t\t\tstyle.appendChild( document.createTextNode( '#wpforms-82-field_5-container { position: absolute !important; overflow: hidden !important; display: inline !important; height: 1px !important; width: 1px !important; z-index: -1000 !important; padding: 0 !important; } #wpforms-82-field_5-container input { visibility: hidden; } #wpforms-conversational-form-page #wpforms-82-field_5-container label { counter-increment: none; }' ) );\n\t\t\t\t\tdocument.head.appendChild( style );\n\t\t\t\t\tdocument.currentScript?.remove();\n\t\t\t\t} )();\n\t\t\t<\/script><\/div><!-- .wpforms-field-container --><div class=\"wpforms-submit-container\" ><input type=\"hidden\" name=\"wpforms[id]\" value=\"82\"><input type=\"hidden\" name=\"page_title\" value=\"\"><input type=\"hidden\" name=\"page_url\" value=\"https:\/\/workvoxbv.com\/hu\/index.php\/wp-json\/wp\/v2\/pages\/34\"><input type=\"hidden\" name=\"url_referer\" value=\"\"><button type=\"submit\" name=\"wpforms[submit]\" id=\"wpforms-submit-82\" class=\"wpforms-submit\" data-alt-text=\"Sending...\" data-submit-text=\"Submit\" aria-live=\"assertive\" value=\"wpforms-submit\">Submit<\/button><img decoding=\"async\" src=\"https:\/\/workvoxbv.com\/wp-content\/plugins\/wpforms-lite\/assets\/images\/submit-spin.svg\" class=\"wpforms-submit-spinner\" style=\"display: none;\" width=\"26\" height=\"26\" alt=\"Loading\"><\/div><\/form><\/div>  <!-- .wpforms-container --><\/p>\n","protected":false},"excerpt":{"rendered":"<p>Hisz\u00fcnk abban, hogy a megfelel\u0151 munka megtal\u00e1l\u00e1sa t\u00f6bbr\u0151l sz\u00f3l, mint egy poz\u00edci\u00f3 bet\u00f6lt\u00e9s\u00e9r\u0151l \u2013 egy biztons\u00e1gos \u00e9s fenntarthat\u00f3 j\u00f6v\u0151 alapj\u00e1t jelenti. Az \u00e1ll\u00e1skeres\u0151ket jogszab\u00e1lyoknak megfelel\u0151, megb\u00edzhat\u00f3 munk\u00e1ltat\u00f3kn\u00e1l el\u00e9rhet\u0151 munkalehet\u0151s\u00e9gekkel t\u00e1mogatjuk, k\u00fcl\u00f6nb\u00f6z\u0151 ipar\u00e1gakban. Csapatunk seg\u00edt olyan poz\u00edci\u00f3kat tal\u00e1lni, amelyek illeszkednek az \u00d6n k\u00e9szs\u00e9geihez, tapasztalataihoz \u00e9s szem\u00e9lyes c\u00e9ljaihoz. \u00c1tl\u00e1that\u00f3 szerz\u0151d\u00e9seket, korrekt b\u00e9rez\u00e9st \u00e9s folyamatos t\u00e1mogat\u00e1st biztos\u00edtunk a [&hellip;]<\/p>\n","protected":false},"author":1,"featured_media":0,"parent":0,"menu_order":0,"comment_status":"closed","ping_status":"closed","template":"","meta":{"_regular_price":[],"currency_symbol":[],"footnotes":""},"class_list":["post-34","page","type-page","status-publish","hentry"],"post_slider_layout_featured_media_urls":{"thumbnail":"","post_slider_layout_landscape_large":"","post_slider_layout_portrait_large":"","post_slider_layout_square_large":"","post_slider_layout_landscape":"","post_slider_layout_portrait":"","post_slider_layout_square":"","full":""},"_links":{"self":[{"href":"https:\/\/workvoxbv.com\/hu\/index.php\/wp-json\/wp\/v2\/pages\/34","targetHints":{"allow":["GET"]}}],"collection":[{"href":"https:\/\/workvoxbv.com\/hu\/index.php\/wp-json\/wp\/v2\/pages"}],"about":[{"href":"https:\/\/workvoxbv.com\/hu\/index.php\/wp-json\/wp\/v2\/types\/page"}],"author":[{"embeddable":true,"href":"https:\/\/workvoxbv.com\/hu\/index.php\/wp-json\/wp\/v2\/users\/1"}],"replies":[{"embeddable":true,"href":"https:\/\/workvoxbv.com\/hu\/index.php\/wp-json\/wp\/v2\/comments?post=34"}],"version-history":[{"count":6,"href":"https:\/\/workvoxbv.com\/hu\/index.php\/wp-json\/wp\/v2\/pages\/34\/revisions"}],"predecessor-version":[{"id":161,"href":"https:\/\/workvoxbv.com\/hu\/index.php\/wp-json\/wp\/v2\/pages\/34\/revisions\/161"}],"wp:attachment":[{"href":"https:\/\/workvoxbv.com\/hu\/index.php\/wp-json\/wp\/v2\/media?parent=34"}],"curies":[{"name":"wp","href":"https:\/\/api.w.org\/{rel}","templated":true}]}}