{"id":17,"date":"2026-01-10T09:55:07","date_gmt":"2026-01-10T09:55:07","guid":{"rendered":"https:\/\/workvoxbv.com\/index.php\/we-are-world-classs-designers-and-industrial-engineers-3\/"},"modified":"2026-01-27T13:45:46","modified_gmt":"2026-01-27T13:45:46","slug":"we-are-world-classs-designers-and-industrial-engineers-3","status":"publish","type":"page","link":"https:\/\/workvoxbv.com\/hu\/index.php\/we-are-world-classs-designers-and-industrial-engineers-3\/","title":{"rendered":"Megb\u00edzhat\u00f3s\u00e1g, amiben b\u00edzhat"},"content":{"rendered":"<p>\u00dagy v\u00e9lj\u00fck, a bizalom a sikeres egy\u00fcttm\u0171k\u00f6d\u00e9s alapja.<br data-start=\"975\" data-end=\"978\" \/>Folyamataink \u00e1tl\u00e1that\u00f3ak, jogszab\u00e1lyoknak megfelel\u0151ek, \u00e9s hossz\u00fa t\u00e1v\u00fa partnerkapcsolatokra \u00e9p\u00fclnek. Mind a munkav\u00e1llal\u00f3k, mind a v\u00e1llalatok sz\u00e1m\u00edthatnak egy\u00e9rtelm\u0171 kommunik\u00e1ci\u00f3ra, tisztess\u00e9ges felt\u00e9telekre \u00e9s folyamatos t\u00e1mogat\u00e1sra minden szakaszban.<\/p>\n","protected":false},"excerpt":{"rendered":"<p>\u00dagy v\u00e9lj\u00fck, a bizalom a sikeres egy\u00fcttm\u0171k\u00f6d\u00e9s alapja.Folyamataink \u00e1tl\u00e1that\u00f3ak, jogszab\u00e1lyoknak megfelel\u0151ek, \u00e9s hossz\u00fa t\u00e1v\u00fa partnerkapcsolatokra \u00e9p\u00fclnek. Mind a munkav\u00e1llal\u00f3k, mind a v\u00e1llalatok sz\u00e1m\u00edthatnak egy\u00e9rtelm\u0171 kommunik\u00e1ci\u00f3ra, tisztess\u00e9ges felt\u00e9telekre \u00e9s folyamatos t\u00e1mogat\u00e1sra minden szakaszban.<\/p>\n","protected":false},"author":1,"featured_media":74,"parent":0,"menu_order":0,"comment_status":"closed","ping_status":"closed","template":"","meta":{"_regular_price":[],"currency_symbol":[],"footnotes":""},"class_list":["post-17","page","type-page","status-publish","has-post-thumbnail","hentry"],"post_slider_layout_featured_media_urls":{"thumbnail":["https:\/\/workvoxbv.com\/wp-content\/uploads\/2026\/01\/slider12dsf-150x150.png",150,150,true],"post_slider_layout_landscape_large":["https:\/\/workvoxbv.com\/wp-content\/uploads\/2026\/01\/slider12dsf.png",1200,531,false],"post_slider_layout_portrait_large":["https:\/\/workvoxbv.com\/wp-content\/uploads\/2026\/01\/slider12dsf.png",1200,531,false],"post_slider_layout_square_large":["https:\/\/workvoxbv.com\/wp-content\/uploads\/2026\/01\/slider12dsf.png",1200,531,false],"post_slider_layout_landscape":["https:\/\/workvoxbv.com\/wp-content\/uploads\/2026\/01\/slider12dsf-600x400.png",600,400,true],"post_slider_layout_portrait":["https:\/\/workvoxbv.com\/wp-content\/uploads\/2026\/01\/slider12dsf-600x531.png",600,531,true],"post_slider_layout_square":["https:\/\/workvoxbv.com\/wp-content\/uploads\/2026\/01\/slider12dsf-600x531.png",600,531,true],"full":["https:\/\/workvoxbv.com\/wp-content\/uploads\/2026\/01\/slider12dsf.png",1200,531,false]},"_links":{"self":[{"href":"https:\/\/workvoxbv.com\/hu\/index.php\/wp-json\/wp\/v2\/pages\/17","targetHints":{"allow":["GET"]}}],"collection":[{"href":"https:\/\/workvoxbv.com\/hu\/index.php\/wp-json\/wp\/v2\/pages"}],"about":[{"href":"https:\/\/workvoxbv.com\/hu\/index.php\/wp-json\/wp\/v2\/types\/page"}],"author":[{"embeddable":true,"href":"https:\/\/workvoxbv.com\/hu\/index.php\/wp-json\/wp\/v2\/users\/1"}],"replies":[{"embeddable":true,"href":"https:\/\/workvoxbv.com\/hu\/index.php\/wp-json\/wp\/v2\/comments?post=17"}],"version-history":[{"count":4,"href":"https:\/\/workvoxbv.com\/hu\/index.php\/wp-json\/wp\/v2\/pages\/17\/revisions"}],"predecessor-version":[{"id":179,"href":"https:\/\/workvoxbv.com\/hu\/index.php\/wp-json\/wp\/v2\/pages\/17\/revisions\/179"}],"wp:featuredmedia":[{"embeddable":true,"href":"https:\/\/workvoxbv.com\/hu\/index.php\/wp-json\/wp\/v2\/media\/74"}],"wp:attachment":[{"href":"https:\/\/workvoxbv.com\/hu\/index.php\/wp-json\/wp\/v2\/media?parent=17"}],"curies":[{"name":"wp","href":"https:\/\/api.w.org\/{rel}","templated":true}]}}