{"id":13,"date":"2026-01-10T09:55:06","date_gmt":"2026-01-10T09:55:06","guid":{"rendered":"https:\/\/workvoxbv.com\/index.php\/we-are-world-classs-designers-and-industrial-engineers\/"},"modified":"2026-01-27T13:50:02","modified_gmt":"2026-01-27T13:50:02","slug":"we-are-world-classs-designers-and-industrial-engineers","status":"publish","type":"page","link":"https:\/\/workvoxbv.com\/hu\/index.php\/we-are-world-classs-designers-and-industrial-engineers\/","title":{"rendered":"\u00c1ll\u00e1skeres\u0151k sz\u00e1m\u00e1ra"},"content":{"rendered":"<p>\u00daj \u00e1ll\u00e1st keres, vagy jobb munkalehet\u0151s\u00e9geket k\u00fclf\u00f6ld\u00f6n?<\/p>\n","protected":false},"excerpt":{"rendered":"<p>\u00daj \u00e1ll\u00e1st keres, vagy jobb munkalehet\u0151s\u00e9geket k\u00fclf\u00f6ld\u00f6n?<\/p>\n","protected":false},"author":1,"featured_media":14,"parent":0,"menu_order":0,"comment_status":"closed","ping_status":"closed","template":"","meta":{"_regular_price":[],"currency_symbol":[],"footnotes":""},"class_list":["post-13","page","type-page","status-publish","has-post-thumbnail","hentry"],"post_slider_layout_featured_media_urls":{"thumbnail":["https:\/\/workvoxbv.com\/wp-content\/uploads\/2026\/01\/slider1-150x150.png",150,150,true],"post_slider_layout_landscape_large":["https:\/\/workvoxbv.com\/wp-content\/uploads\/2026\/01\/slider1.png",1200,531,false],"post_slider_layout_portrait_large":["https:\/\/workvoxbv.com\/wp-content\/uploads\/2026\/01\/slider1.png",1200,531,false],"post_slider_layout_square_large":["https:\/\/workvoxbv.com\/wp-content\/uploads\/2026\/01\/slider1.png",1200,531,false],"post_slider_layout_landscape":["https:\/\/workvoxbv.com\/wp-content\/uploads\/2026\/01\/slider1-600x400.png",600,400,true],"post_slider_layout_portrait":["https:\/\/workvoxbv.com\/wp-content\/uploads\/2026\/01\/slider1-600x531.png",600,531,true],"post_slider_layout_square":["https:\/\/workvoxbv.com\/wp-content\/uploads\/2026\/01\/slider1-600x531.png",600,531,true],"full":["https:\/\/workvoxbv.com\/wp-content\/uploads\/2026\/01\/slider1.png",1200,531,false]},"_links":{"self":[{"href":"https:\/\/workvoxbv.com\/hu\/index.php\/wp-json\/wp\/v2\/pages\/13","targetHints":{"allow":["GET"]}}],"collection":[{"href":"https:\/\/workvoxbv.com\/hu\/index.php\/wp-json\/wp\/v2\/pages"}],"about":[{"href":"https:\/\/workvoxbv.com\/hu\/index.php\/wp-json\/wp\/v2\/types\/page"}],"author":[{"embeddable":true,"href":"https:\/\/workvoxbv.com\/hu\/index.php\/wp-json\/wp\/v2\/users\/1"}],"replies":[{"embeddable":true,"href":"https:\/\/workvoxbv.com\/hu\/index.php\/wp-json\/wp\/v2\/comments?post=13"}],"version-history":[{"count":7,"href":"https:\/\/workvoxbv.com\/hu\/index.php\/wp-json\/wp\/v2\/pages\/13\/revisions"}],"predecessor-version":[{"id":182,"href":"https:\/\/workvoxbv.com\/hu\/index.php\/wp-json\/wp\/v2\/pages\/13\/revisions\/182"}],"wp:featuredmedia":[{"embeddable":true,"href":"https:\/\/workvoxbv.com\/hu\/index.php\/wp-json\/wp\/v2\/media\/14"}],"wp:attachment":[{"href":"https:\/\/workvoxbv.com\/hu\/index.php\/wp-json\/wp\/v2\/media?parent=13"}],"curies":[{"name":"wp","href":"https:\/\/api.w.org\/{rel}","templated":true}]}}