{"id":48,"date":"2026-01-10T10:29:17","date_gmt":"2026-01-10T10:29:17","guid":{"rendered":"https:\/\/workvoxbv.com\/?page_id=48"},"modified":"2026-01-27T10:05:36","modified_gmt":"2026-01-27T10:05:36","slug":"certifications","status":"publish","type":"page","link":"https:\/\/workvoxbv.com\/de\/index.php\/certifications\/","title":{"rendered":"Zertifizierungen"},"content":{"rendered":"<p data-start=\"141\" data-end=\"381\">Wir arbeiten in vollst\u00e4ndiger \u00dcbereinstimmung mit den nationalen und EU-Arbeitsvorschriften. Unser Unternehmen verf\u00fcgt \u00fcber alle erforderlichen Lizenzen und Zertifizierungen f\u00fcr Arbeitnehmer\u00fcberlassungs- und Personalvermittlungsaktivit\u00e4ten.<\/p>\n<p data-start=\"383\" data-end=\"583\">Zertifizierungen gew\u00e4hrleisten Transparenz, rechtliche Sicherheit und Vertrauen f\u00fcr unsere Partner. Sie spiegeln unser Engagement f\u00fcr ethisches Handeln, Datenschutz und professionelle Standards wider.<\/p>\n<p data-start=\"585\" data-end=\"678\">Compliance ist f\u00fcr uns nicht nur eine Verpflichtung \u2013 sie ist ein zentraler Unternehmenswert.<\/p>\n","protected":false},"excerpt":{"rendered":"<p>Wir arbeiten in vollst\u00e4ndiger \u00dcbereinstimmung mit den nationalen und EU-Arbeitsvorschriften. Unser Unternehmen verf\u00fcgt \u00fcber alle erforderlichen Lizenzen und Zertifizierungen f\u00fcr Arbeitnehmer\u00fcberlassungs- und Personalvermittlungsaktivit\u00e4ten. Zertifizierungen gew\u00e4hrleisten Transparenz, rechtliche Sicherheit und Vertrauen f\u00fcr unsere Partner. Sie spiegeln unser Engagement f\u00fcr ethisches Handeln, Datenschutz und professionelle Standards wider. Compliance ist f\u00fcr uns nicht nur eine Verpflichtung \u2013 sie [&hellip;]<\/p>\n","protected":false},"author":1,"featured_media":0,"parent":0,"menu_order":0,"comment_status":"closed","ping_status":"closed","template":"","meta":{"_regular_price":[],"currency_symbol":[],"footnotes":""},"class_list":["post-48","page","type-page","status-publish","hentry"],"post_slider_layout_featured_media_urls":{"thumbnail":"","post_slider_layout_landscape_large":"","post_slider_layout_portrait_large":"","post_slider_layout_square_large":"","post_slider_layout_landscape":"","post_slider_layout_portrait":"","post_slider_layout_square":"","full":""},"_links":{"self":[{"href":"https:\/\/workvoxbv.com\/de\/index.php\/wp-json\/wp\/v2\/pages\/48","targetHints":{"allow":["GET"]}}],"collection":[{"href":"https:\/\/workvoxbv.com\/de\/index.php\/wp-json\/wp\/v2\/pages"}],"about":[{"href":"https:\/\/workvoxbv.com\/de\/index.php\/wp-json\/wp\/v2\/types\/page"}],"author":[{"embeddable":true,"href":"https:\/\/workvoxbv.com\/de\/index.php\/wp-json\/wp\/v2\/users\/1"}],"replies":[{"embeddable":true,"href":"https:\/\/workvoxbv.com\/de\/index.php\/wp-json\/wp\/v2\/comments?post=48"}],"version-history":[{"count":5,"href":"https:\/\/workvoxbv.com\/de\/index.php\/wp-json\/wp\/v2\/pages\/48\/revisions"}],"predecessor-version":[{"id":144,"href":"https:\/\/workvoxbv.com\/de\/index.php\/wp-json\/wp\/v2\/pages\/48\/revisions\/144"}],"wp:attachment":[{"href":"https:\/\/workvoxbv.com\/de\/index.php\/wp-json\/wp\/v2\/media?parent=48"}],"curies":[{"name":"wp","href":"https:\/\/api.w.org\/{rel}","templated":true}]}}