{"id":46,"date":"2026-01-10T10:29:08","date_gmt":"2026-01-10T10:29:08","guid":{"rendered":"https:\/\/workvoxbv.com\/?page_id=46"},"modified":"2026-01-27T10:03:36","modified_gmt":"2026-01-27T10:03:36","slug":"awards","status":"publish","type":"page","link":"https:\/\/workvoxbv.com\/de\/index.php\/awards\/","title":{"rendered":"Auszeichnungen"},"content":{"rendered":"<p data-start=\"2647\" data-end=\"2858\">\n<img fetchpriority=\"high\" decoding=\"async\" class=\"size-medium wp-image-93 alignright\" src=\"https:\/\/workvoxbv.com\/wp-content\/uploads\/2026\/01\/medium-shot-people-chatting-work-1-300x200.jpg\" alt=\"\" width=\"300\" height=\"200\" srcset=\"https:\/\/workvoxbv.com\/wp-content\/uploads\/2026\/01\/medium-shot-people-chatting-work-1-300x200.jpg 300w, https:\/\/workvoxbv.com\/wp-content\/uploads\/2026\/01\/medium-shot-people-chatting-work-1-1024x683.jpg 1024w, https:\/\/workvoxbv.com\/wp-content\/uploads\/2026\/01\/medium-shot-people-chatting-work-1-768x512.jpg 768w, https:\/\/workvoxbv.com\/wp-content\/uploads\/2026\/01\/medium-shot-people-chatting-work-1-1536x1024.jpg 1536w, https:\/\/workvoxbv.com\/wp-content\/uploads\/2026\/01\/medium-shot-people-chatting-work-1-2048x1365.jpg 2048w, https:\/\/workvoxbv.com\/wp-content\/uploads\/2026\/01\/medium-shot-people-chatting-work-1-1200x800.jpg 1200w, https:\/\/workvoxbv.com\/wp-content\/uploads\/2026\/01\/medium-shot-people-chatting-work-1-600x400.jpg 600w\" sizes=\"(max-width: 300px) 100vw, 300px\" \/><\/p>\n<p data-start=\"130\" data-end=\"400\">Unser Engagement f\u00fcr Qualit\u00e4t und Professionalit\u00e4t wurde durch verschiedene Branchenauszeichnungen und Anerkennungen gew\u00fcrdigt. Diese Ehrungen spiegeln unsere kontinuierlichen Bem\u00fchungen wider, unsere Dienstleistungen stetig zu verbessern und Erwartungen zu \u00fcbertreffen.<\/p>\n<p data-start=\"402\" data-end=\"565\">Auszeichnungen motivieren uns, hohe Standards aufrechtzuerhalten, unsere Prozesse weiterzuentwickeln und ein verl\u00e4sslicher Partner f\u00fcr Personall\u00f6sungen zu bleiben.<\/p>\n<p data-start=\"567\" data-end=\"659\">Die Anerkennung durch unsere Branche best\u00e4tigt, dass wir uns auf dem richtigen Weg befinden.<\/p>\n","protected":false},"excerpt":{"rendered":"<p>Unser Engagement f\u00fcr Qualit\u00e4t und Professionalit\u00e4t wurde durch verschiedene Branchenauszeichnungen und Anerkennungen gew\u00fcrdigt. Diese Ehrungen spiegeln unsere kontinuierlichen Bem\u00fchungen wider, unsere Dienstleistungen stetig zu verbessern und Erwartungen zu \u00fcbertreffen. Auszeichnungen motivieren uns, hohe Standards aufrechtzuerhalten, unsere Prozesse weiterzuentwickeln und ein verl\u00e4sslicher Partner f\u00fcr Personall\u00f6sungen zu bleiben. Die Anerkennung durch unsere Branche best\u00e4tigt, dass wir uns [&hellip;]<\/p>\n","protected":false},"author":1,"featured_media":0,"parent":0,"menu_order":0,"comment_status":"closed","ping_status":"closed","template":"","meta":{"_regular_price":[],"currency_symbol":[],"footnotes":""},"class_list":["post-46","page","type-page","status-publish","hentry"],"post_slider_layout_featured_media_urls":{"thumbnail":"","post_slider_layout_landscape_large":"","post_slider_layout_portrait_large":"","post_slider_layout_square_large":"","post_slider_layout_landscape":"","post_slider_layout_portrait":"","post_slider_layout_square":"","full":""},"_links":{"self":[{"href":"https:\/\/workvoxbv.com\/de\/index.php\/wp-json\/wp\/v2\/pages\/46","targetHints":{"allow":["GET"]}}],"collection":[{"href":"https:\/\/workvoxbv.com\/de\/index.php\/wp-json\/wp\/v2\/pages"}],"about":[{"href":"https:\/\/workvoxbv.com\/de\/index.php\/wp-json\/wp\/v2\/types\/page"}],"author":[{"embeddable":true,"href":"https:\/\/workvoxbv.com\/de\/index.php\/wp-json\/wp\/v2\/users\/1"}],"replies":[{"embeddable":true,"href":"https:\/\/workvoxbv.com\/de\/index.php\/wp-json\/wp\/v2\/comments?post=46"}],"version-history":[{"count":5,"href":"https:\/\/workvoxbv.com\/de\/index.php\/wp-json\/wp\/v2\/pages\/46\/revisions"}],"predecessor-version":[{"id":141,"href":"https:\/\/workvoxbv.com\/de\/index.php\/wp-json\/wp\/v2\/pages\/46\/revisions\/141"}],"wp:attachment":[{"href":"https:\/\/workvoxbv.com\/de\/index.php\/wp-json\/wp\/v2\/media?parent=46"}],"curies":[{"name":"wp","href":"https:\/\/api.w.org\/{rel}","templated":true}]}}