{"id":40,"date":"2026-01-10T10:28:41","date_gmt":"2026-01-10T10:28:41","guid":{"rendered":"https:\/\/workvoxbv.com\/?page_id=40"},"modified":"2026-01-27T13:12:37","modified_gmt":"2026-01-27T13:12:37","slug":"introduction","status":"publish","type":"page","link":"https:\/\/workvoxbv.com\/de\/index.php\/introduction\/","title":{"rendered":"Einleitung"},"content":{"rendered":"<p data-start=\"249\" data-end=\"542\">\n<img fetchpriority=\"high\" decoding=\"async\" class=\"size-medium wp-image-90 alignright\" src=\"https:\/\/workvoxbv.com\/wp-content\/uploads\/2026\/01\/people-analyzing-checking-finance-graphs-office-300x200.jpg\" alt=\"\" width=\"300\" height=\"200\" srcset=\"https:\/\/workvoxbv.com\/wp-content\/uploads\/2026\/01\/people-analyzing-checking-finance-graphs-office-300x200.jpg 300w, https:\/\/workvoxbv.com\/wp-content\/uploads\/2026\/01\/people-analyzing-checking-finance-graphs-office-1024x684.jpg 1024w, https:\/\/workvoxbv.com\/wp-content\/uploads\/2026\/01\/people-analyzing-checking-finance-graphs-office-768x513.jpg 768w, https:\/\/workvoxbv.com\/wp-content\/uploads\/2026\/01\/people-analyzing-checking-finance-graphs-office-1536x1025.jpg 1536w, https:\/\/workvoxbv.com\/wp-content\/uploads\/2026\/01\/people-analyzing-checking-finance-graphs-office-2048x1367.jpg 2048w, https:\/\/workvoxbv.com\/wp-content\/uploads\/2026\/01\/people-analyzing-checking-finance-graphs-office-1200x800.jpg 1200w, https:\/\/workvoxbv.com\/wp-content\/uploads\/2026\/01\/people-analyzing-checking-finance-graphs-office-600x400.jpg 600w\" sizes=\"(max-width: 300px) 100vw, 300px\" \/><\/p>\n<p data-start=\"127\" data-end=\"229\">Willkommen bei unserem Unternehmen f\u00fcr Personall\u00f6sungen, wo Menschen und Unternehmen zusammenkommen.<\/p>\n<p data-start=\"231\" data-end=\"483\">Wir bieten zuverl\u00e4ssige und flexible Personaldienstleistungen, die Unternehmen im heutigen schnelllebigen Arbeitsmarkt unterst\u00fctzen. Unser Fokus liegt auf dem Aufbau langfristiger Partnerschaften, die auf Vertrauen, Transparenz und Leistung basieren.<\/p>\n<p data-start=\"485\" data-end=\"774\">Durch die Kombination von Branchenwissen mit einem pers\u00f6nlichen Ansatz helfen wir Arbeitgebern, die ben\u00f6tigte Belegschaft zu sichern, w\u00e4hrend wir Arbeitssuchenden stabile und rechtskonforme Besch\u00e4ftigungsm\u00f6glichkeiten bieten. Unser Ziel ist es, f\u00fcr alle Beteiligten Mehrwert zu schaffen.<\/p>\n<p data-start=\"776\" data-end=\"933\">Wir sind \u00fcberzeugt, dass erfolgreiche Personall\u00f6sungen nicht nur darin bestehen, Positionen zu besetzen, sondern nachhaltige Arbeitsbeziehungen aufzubauen.<\/p>\n","protected":false},"excerpt":{"rendered":"<p>Willkommen bei unserem Unternehmen f\u00fcr Personall\u00f6sungen, wo Menschen und Unternehmen zusammenkommen. Wir bieten zuverl\u00e4ssige und flexible Personaldienstleistungen, die Unternehmen im heutigen schnelllebigen Arbeitsmarkt unterst\u00fctzen. Unser Fokus liegt auf dem Aufbau langfristiger Partnerschaften, die auf Vertrauen, Transparenz und Leistung basieren. Durch die Kombination von Branchenwissen mit einem pers\u00f6nlichen Ansatz helfen wir Arbeitgebern, die ben\u00f6tigte Belegschaft zu [&hellip;]<\/p>\n","protected":false},"author":1,"featured_media":0,"parent":0,"menu_order":0,"comment_status":"closed","ping_status":"closed","template":"","meta":{"_regular_price":[],"currency_symbol":[],"footnotes":""},"class_list":["post-40","page","type-page","status-publish","hentry"],"post_slider_layout_featured_media_urls":{"thumbnail":"","post_slider_layout_landscape_large":"","post_slider_layout_portrait_large":"","post_slider_layout_square_large":"","post_slider_layout_landscape":"","post_slider_layout_portrait":"","post_slider_layout_square":"","full":""},"_links":{"self":[{"href":"https:\/\/workvoxbv.com\/de\/index.php\/wp-json\/wp\/v2\/pages\/40","targetHints":{"allow":["GET"]}}],"collection":[{"href":"https:\/\/workvoxbv.com\/de\/index.php\/wp-json\/wp\/v2\/pages"}],"about":[{"href":"https:\/\/workvoxbv.com\/de\/index.php\/wp-json\/wp\/v2\/types\/page"}],"author":[{"embeddable":true,"href":"https:\/\/workvoxbv.com\/de\/index.php\/wp-json\/wp\/v2\/users\/1"}],"replies":[{"embeddable":true,"href":"https:\/\/workvoxbv.com\/de\/index.php\/wp-json\/wp\/v2\/comments?post=40"}],"version-history":[{"count":6,"href":"https:\/\/workvoxbv.com\/de\/index.php\/wp-json\/wp\/v2\/pages\/40\/revisions"}],"predecessor-version":[{"id":167,"href":"https:\/\/workvoxbv.com\/de\/index.php\/wp-json\/wp\/v2\/pages\/40\/revisions\/167"}],"wp:attachment":[{"href":"https:\/\/workvoxbv.com\/de\/index.php\/wp-json\/wp\/v2\/media?parent=40"}],"curies":[{"name":"wp","href":"https:\/\/api.w.org\/{rel}","templated":true}]}}