{"id":36,"date":"2026-01-10T10:28:23","date_gmt":"2026-01-10T10:28:23","guid":{"rendered":"https:\/\/workvoxbv.com\/?page_id=36"},"modified":"2026-01-27T12:58:10","modified_gmt":"2026-01-27T12:58:10","slug":"for-companies","status":"publish","type":"page","link":"https:\/\/workvoxbv.com\/de\/index.php\/for-companies\/","title":{"rendered":"F\u00fcr Unternehmen"},"content":{"rendered":"<p data-start=\"215\" data-end=\"466\"><img fetchpriority=\"high\" decoding=\"async\" class=\"size-medium wp-image-90 alignright\" src=\"https:\/\/workvoxbv.com\/wp-content\/uploads\/2026\/01\/people-analyzing-checking-finance-graphs-office-300x200.jpg\" alt=\"\" width=\"300\" height=\"200\" srcset=\"https:\/\/workvoxbv.com\/wp-content\/uploads\/2026\/01\/people-analyzing-checking-finance-graphs-office-300x200.jpg 300w, https:\/\/workvoxbv.com\/wp-content\/uploads\/2026\/01\/people-analyzing-checking-finance-graphs-office-1024x684.jpg 1024w, https:\/\/workvoxbv.com\/wp-content\/uploads\/2026\/01\/people-analyzing-checking-finance-graphs-office-768x513.jpg 768w, https:\/\/workvoxbv.com\/wp-content\/uploads\/2026\/01\/people-analyzing-checking-finance-graphs-office-1536x1025.jpg 1536w, https:\/\/workvoxbv.com\/wp-content\/uploads\/2026\/01\/people-analyzing-checking-finance-graphs-office-2048x1367.jpg 2048w, https:\/\/workvoxbv.com\/wp-content\/uploads\/2026\/01\/people-analyzing-checking-finance-graphs-office-1200x800.jpg 1200w, https:\/\/workvoxbv.com\/wp-content\/uploads\/2026\/01\/people-analyzing-checking-finance-graphs-office-600x400.jpg 600w\" sizes=\"(max-width: 300px) 100vw, 300px\" \/><\/p>\n<p data-start=\"187\" data-end=\"495\">In einem wettbewerbsintensiven und sich schnell ver\u00e4ndernden Markt ist der Zugang zu einer zuverl\u00e4ssigen und flexiblen Belegschaft entscheidend. Wir unterst\u00fctzen Unternehmen mit professionellen Personall\u00f6sungen bei der Bew\u00e4ltigung von Arbeitskr\u00e4ftemangel, saisonalen Spitzen und langfristigem Personalbedarf.<\/p>\n<p data-start=\"497\" data-end=\"890\">Unsere Dienstleistungen umfassen Arbeitnehmer\u00fcberlassung, Personalvermittlung, L\u00f6sungen f\u00fcr Arbeitskr\u00e4fte aus Drittstaaten sowie die Besch\u00e4ftigung von Studenten und Rentnern. Wir \u00fcbernehmen den gesamten Prozess \u2013 von der Kandidatenauswahl und Vertragsgestaltung bis hin zu Lohnabrechnung und Administration \u2013 und gew\u00e4hrleisten dabei vollst\u00e4ndige rechtliche Konformit\u00e4t und operative Effizienz.<\/p>\n<p data-start=\"892\" data-end=\"1216\">Durch die Zusammenarbeit mit uns profitieren Unternehmen von reduziertem Verwaltungsaufwand, planbaren Personalkosten und dem Zugang zu vorab gepr\u00fcften, motivierten Arbeitskr\u00e4ften. Wir setzen auf langfristige Partnerschaften, klare Kommunikation und ma\u00dfgeschneiderte L\u00f6sungen, die auf Ihre Unternehmensziele abgestimmt sind.<\/p>\n<p data-start=\"1218\" data-end=\"1372\">Ob tempor\u00e4rer Personalbedarf oder langfristige Unterst\u00fctzung \u2013 wir bieten zuverl\u00e4ssige L\u00f6sungen, damit Sie sich auf Ihr Kerngesch\u00e4ft konzentrieren k\u00f6nnen.<\/p>\n<p data-start=\"1036\" data-end=\"1177\"><style id=\"wpforms-css-vars-82\">\n\t\t\t\t#wpforms-82 {\n\t\t\t\t--wpforms-container-padding: 0px;\n--wpforms-container-border-width: 1px;\n--wpforms-container-border-radius: 3px;\n--wpforms-background-color: rgba(0, 0, 0, 0);\n--wpforms-field-size-input-height: 43px;\n--wpforms-field-size-input-spacing: 15px;\n--wpforms-field-size-font-size: 16px;\n--wpforms-field-size-line-height: 19px;\n--wpforms-field-size-padding-h: 14px;\n--wpforms-field-size-checkbox-size: 16px;\n--wpforms-field-size-sublabel-spacing: 5px;\n--wpforms-field-size-icon-size: 1;\n--wpforms-label-size-font-size: 16px;\n--wpforms-label-size-line-height: 19px;\n--wpforms-label-size-sublabel-font-size: 14px;\n--wpforms-label-size-sublabel-line-height: 17px;\n--wpforms-button-size-font-size: 17px;\n--wpforms-button-size-height: 41px;\n--wpforms-button-size-padding-h: 15px;\n--wpforms-button-size-margin-top: 10px;\n--wpforms-container-shadow-size-box-shadow: none;\n\t\t\t}\n\t\t\t<\/style><div class=\"wpforms-container wpforms-container-full wpforms-render-modern\" id=\"wpforms-82\"><form id=\"wpforms-form-82\" class=\"wpforms-validate wpforms-form wpforms-ajax-form\" data-formid=\"82\" method=\"post\" enctype=\"multipart\/form-data\" action=\"\/de\/index.php\/wp-json\/wp\/v2\/pages\/36\" data-token=\"c4cac9089a78e3d112ef69975429b026\" data-token-time=\"1776582937\"><noscript class=\"wpforms-error-noscript\">Bitte aktiviere JavaScript in deinem Browser, um dieses Formular fertigzustellen.<\/noscript><div id=\"wpforms-error-noscript\" style=\"display: none;\">Bitte aktiviere JavaScript in deinem Browser, um dieses Formular fertigzustellen.<\/div><div class=\"wpforms-field-container\"><div id=\"wpforms-82-field_1-container\" class=\"wpforms-field wpforms-field-name\" data-field-id=\"1\"><fieldset><legend class=\"wpforms-field-label\">Name <span class=\"wpforms-required-label\" aria-hidden=\"true\">*<\/span><\/legend><div class=\"wpforms-field-row wpforms-field-medium\"><div class=\"wpforms-field-row-block wpforms-first wpforms-one-half\"><input type=\"text\" id=\"wpforms-82-field_1\" class=\"wpforms-field-name-first wpforms-field-required\" name=\"wpforms[fields][1][first]\" aria-errormessage=\"wpforms-82-field_1-error\" required><label for=\"wpforms-82-field_1\" class=\"wpforms-field-sublabel after\">Vorname<\/label><\/div><div class=\"wpforms-field-row-block wpforms-one-half\"><input type=\"text\" id=\"wpforms-82-field_1-last\" class=\"wpforms-field-name-last wpforms-field-required\" name=\"wpforms[fields][1][last]\" aria-errormessage=\"wpforms-82-field_1-last-error\" required><label for=\"wpforms-82-field_1-last\" class=\"wpforms-field-sublabel after\">Nachname<\/label><\/div><\/div><\/fieldset><\/div>\t\t<div id=\"wpforms-82-field_5-container\"\n\t\t\tclass=\"wpforms-field wpforms-field-text\"\n\t\t\tdata-field-type=\"text\"\n\t\t\tdata-field-id=\"5\"\n\t\t\t>\n\t\t\t<label class=\"wpforms-field-label\" for=\"wpforms-82-field_5\" >or Name Comment<\/label>\n\t\t\t<input type=\"text\" id=\"wpforms-82-field_5\" class=\"wpforms-field-medium\" name=\"wpforms[fields][5]\" >\n\t\t<\/div>\n\t\t<div id=\"wpforms-82-field_2-container\" class=\"wpforms-field wpforms-field-email\" data-field-id=\"2\"><label class=\"wpforms-field-label\" for=\"wpforms-82-field_2\">Email <span class=\"wpforms-required-label\" aria-hidden=\"true\">*<\/span><\/label><input type=\"email\" id=\"wpforms-82-field_2\" class=\"wpforms-field-medium wpforms-field-required\" name=\"wpforms[fields][2]\" spellcheck=\"false\" aria-errormessage=\"wpforms-82-field_2-error\" required><\/div><div id=\"wpforms-82-field_4-container\" class=\"wpforms-field wpforms-field-number\" data-field-id=\"4\"><label class=\"wpforms-field-label\" for=\"wpforms-82-field_4\">Phone<\/label><input type=\"number\" id=\"wpforms-82-field_4\" class=\"wpforms-field-medium\" name=\"wpforms[fields][4]\" step=\"any\" aria-errormessage=\"wpforms-82-field_4-error\" ><\/div><div id=\"wpforms-82-field_3-container\" class=\"wpforms-field wpforms-field-textarea\" data-field-id=\"3\"><label class=\"wpforms-field-label\" for=\"wpforms-82-field_3\">Comment or Message<\/label><textarea id=\"wpforms-82-field_3\" class=\"wpforms-field-medium\" name=\"wpforms[fields][3]\" aria-errormessage=\"wpforms-82-field_3-error\" ><\/textarea><\/div><script>\n\t\t\t\t( function() {\n\t\t\t\t\tconst style = document.createElement( 'style' );\n\t\t\t\t\tstyle.appendChild( document.createTextNode( '#wpforms-82-field_5-container { position: absolute !important; overflow: hidden !important; display: inline !important; height: 1px !important; width: 1px !important; z-index: -1000 !important; padding: 0 !important; } #wpforms-82-field_5-container input { visibility: hidden; } #wpforms-conversational-form-page #wpforms-82-field_5-container label { counter-increment: none; }' ) );\n\t\t\t\t\tdocument.head.appendChild( style );\n\t\t\t\t\tdocument.currentScript?.remove();\n\t\t\t\t} )();\n\t\t\t<\/script><\/div><!-- .wpforms-field-container --><div class=\"wpforms-submit-container\" ><input type=\"hidden\" name=\"wpforms[id]\" value=\"82\"><input type=\"hidden\" name=\"page_title\" value=\"\"><input type=\"hidden\" name=\"page_url\" value=\"https:\/\/workvoxbv.com\/de\/index.php\/wp-json\/wp\/v2\/pages\/36\"><input type=\"hidden\" name=\"url_referer\" value=\"\"><button type=\"submit\" name=\"wpforms[submit]\" id=\"wpforms-submit-82\" class=\"wpforms-submit\" data-alt-text=\"Sending...\" data-submit-text=\"Submit\" aria-live=\"assertive\" value=\"wpforms-submit\">Submit<\/button><img decoding=\"async\" src=\"https:\/\/workvoxbv.com\/wp-content\/plugins\/wpforms-lite\/assets\/images\/submit-spin.svg\" class=\"wpforms-submit-spinner\" style=\"display: none;\" width=\"26\" height=\"26\" alt=\"Wird geladen\"><\/div><\/form><\/div>  <!-- .wpforms-container --><\/p>\n","protected":false},"excerpt":{"rendered":"<p>In einem wettbewerbsintensiven und sich schnell ver\u00e4ndernden Markt ist der Zugang zu einer zuverl\u00e4ssigen und flexiblen Belegschaft entscheidend. Wir unterst\u00fctzen Unternehmen mit professionellen Personall\u00f6sungen bei der Bew\u00e4ltigung von Arbeitskr\u00e4ftemangel, saisonalen Spitzen und langfristigem Personalbedarf. Unsere Dienstleistungen umfassen Arbeitnehmer\u00fcberlassung, Personalvermittlung, L\u00f6sungen f\u00fcr Arbeitskr\u00e4fte aus Drittstaaten sowie die Besch\u00e4ftigung von Studenten und Rentnern. Wir \u00fcbernehmen den gesamten [&hellip;]<\/p>\n","protected":false},"author":1,"featured_media":0,"parent":0,"menu_order":0,"comment_status":"closed","ping_status":"closed","template":"","meta":{"_regular_price":[],"currency_symbol":[],"footnotes":""},"class_list":["post-36","page","type-page","status-publish","hentry"],"post_slider_layout_featured_media_urls":{"thumbnail":"","post_slider_layout_landscape_large":"","post_slider_layout_portrait_large":"","post_slider_layout_square_large":"","post_slider_layout_landscape":"","post_slider_layout_portrait":"","post_slider_layout_square":"","full":""},"_links":{"self":[{"href":"https:\/\/workvoxbv.com\/de\/index.php\/wp-json\/wp\/v2\/pages\/36","targetHints":{"allow":["GET"]}}],"collection":[{"href":"https:\/\/workvoxbv.com\/de\/index.php\/wp-json\/wp\/v2\/pages"}],"about":[{"href":"https:\/\/workvoxbv.com\/de\/index.php\/wp-json\/wp\/v2\/types\/page"}],"author":[{"embeddable":true,"href":"https:\/\/workvoxbv.com\/de\/index.php\/wp-json\/wp\/v2\/users\/1"}],"replies":[{"embeddable":true,"href":"https:\/\/workvoxbv.com\/de\/index.php\/wp-json\/wp\/v2\/comments?post=36"}],"version-history":[{"count":7,"href":"https:\/\/workvoxbv.com\/de\/index.php\/wp-json\/wp\/v2\/pages\/36\/revisions"}],"predecessor-version":[{"id":154,"href":"https:\/\/workvoxbv.com\/de\/index.php\/wp-json\/wp\/v2\/pages\/36\/revisions\/154"}],"wp:attachment":[{"href":"https:\/\/workvoxbv.com\/de\/index.php\/wp-json\/wp\/v2\/media?parent=36"}],"curies":[{"name":"wp","href":"https:\/\/api.w.org\/{rel}","templated":true}]}}