{"id":34,"date":"2026-01-10T10:28:14","date_gmt":"2026-01-10T10:28:14","guid":{"rendered":"https:\/\/workvoxbv.com\/?page_id=34"},"modified":"2026-01-27T13:06:57","modified_gmt":"2026-01-27T13:06:57","slug":"for-job-seekers","status":"publish","type":"page","link":"https:\/\/workvoxbv.com\/de\/index.php\/for-job-seekers\/","title":{"rendered":"F\u00fcr Arbeitssuchende"},"content":{"rendered":"<p data-start=\"1204\" data-end=\"1467\">\n<p><img fetchpriority=\"high\" decoding=\"async\" class=\"alignright wp-image-96 size-medium\" src=\"https:\/\/workvoxbv.com\/wp-content\/uploads\/2026\/01\/listening-mentor-with-attention-300x200.jpg\" alt=\"\" width=\"300\" height=\"200\" srcset=\"https:\/\/workvoxbv.com\/wp-content\/uploads\/2026\/01\/listening-mentor-with-attention-300x200.jpg 300w, https:\/\/workvoxbv.com\/wp-content\/uploads\/2026\/01\/listening-mentor-with-attention-1024x683.jpg 1024w, https:\/\/workvoxbv.com\/wp-content\/uploads\/2026\/01\/listening-mentor-with-attention-768x512.jpg 768w, https:\/\/workvoxbv.com\/wp-content\/uploads\/2026\/01\/listening-mentor-with-attention-1536x1024.jpg 1536w, https:\/\/workvoxbv.com\/wp-content\/uploads\/2026\/01\/listening-mentor-with-attention-2048x1365.jpg 2048w, https:\/\/workvoxbv.com\/wp-content\/uploads\/2026\/01\/listening-mentor-with-attention-1200x800.jpg 1200w, https:\/\/workvoxbv.com\/wp-content\/uploads\/2026\/01\/listening-mentor-with-attention-600x400.jpg 600w\" sizes=\"(max-width: 300px) 100vw, 300px\" \/><\/p>\n<p data-start=\"146\" data-end=\"462\">Wir sind \u00fcberzeugt, dass die richtige Arbeitsstelle mehr ist als nur das Besetzen einer Position \u2013 sie ist der Grundstein f\u00fcr eine sichere und nachhaltige Zukunft. Wir unterst\u00fctzen Arbeitssuchende, indem wir rechtssichere Besch\u00e4ftigungsm\u00f6glichkeiten bei zuverl\u00e4ssigen Arbeitgebern in verschiedenen Branchen anbieten.<\/p>\n<p data-start=\"464\" data-end=\"865\">Unser Team hilft Ihnen dabei, Stellen zu finden, die Ihren F\u00e4higkeiten, Erfahrungen und pers\u00f6nlichen Zielen entsprechen. Wir bieten transparente Arbeitsvertr\u00e4ge, faire Verg\u00fctung und kontinuierliche Betreuung w\u00e4hrend der gesamten Besch\u00e4ftigungsdauer. Ob Sie eine Vollzeitstelle, einen befristeten Einsatz, einen Studentenjob oder eine Besch\u00e4ftigung nach dem Renteneintritt suchen \u2013 wir sind f\u00fcr Sie da.<\/p>\n<p data-start=\"867\" data-end=\"1013\">Von der ersten Bewerbung bis zur laufenden Besch\u00e4ftigung stehen wir Ihnen zur Seite und sorgen f\u00fcr einen reibungslosen und unterst\u00fctzenden Ablauf.<\/p>\n<p data-start=\"1015\" data-end=\"1145\">Ihre berufliche Zukunft ist uns wichtig \u2013 und wir setzen uns daf\u00fcr ein, dass Sie den n\u00e4chsten Schritt mit Zuversicht gehen k\u00f6nnen.<\/p>\n<p data-start=\"1913\" data-end=\"2010\"><style id=\"wpforms-css-vars-82\">\n\t\t\t\t#wpforms-82 {\n\t\t\t\t--wpforms-container-padding: 0px;\n--wpforms-container-border-width: 1px;\n--wpforms-container-border-radius: 3px;\n--wpforms-background-color: rgba(0, 0, 0, 0);\n--wpforms-field-size-input-height: 43px;\n--wpforms-field-size-input-spacing: 15px;\n--wpforms-field-size-font-size: 16px;\n--wpforms-field-size-line-height: 19px;\n--wpforms-field-size-padding-h: 14px;\n--wpforms-field-size-checkbox-size: 16px;\n--wpforms-field-size-sublabel-spacing: 5px;\n--wpforms-field-size-icon-size: 1;\n--wpforms-label-size-font-size: 16px;\n--wpforms-label-size-line-height: 19px;\n--wpforms-label-size-sublabel-font-size: 14px;\n--wpforms-label-size-sublabel-line-height: 17px;\n--wpforms-button-size-font-size: 17px;\n--wpforms-button-size-height: 41px;\n--wpforms-button-size-padding-h: 15px;\n--wpforms-button-size-margin-top: 10px;\n--wpforms-container-shadow-size-box-shadow: none;\n\t\t\t}\n\t\t\t<\/style><div class=\"wpforms-container wpforms-container-full wpforms-render-modern\" id=\"wpforms-82\"><form id=\"wpforms-form-82\" class=\"wpforms-validate wpforms-form wpforms-ajax-form\" data-formid=\"82\" method=\"post\" enctype=\"multipart\/form-data\" action=\"\/de\/index.php\/wp-json\/wp\/v2\/pages\/34\" data-token=\"c4cac9089a78e3d112ef69975429b026\" data-token-time=\"1776582943\"><noscript class=\"wpforms-error-noscript\">Bitte aktiviere JavaScript in deinem Browser, um dieses Formular fertigzustellen.<\/noscript><div id=\"wpforms-error-noscript\" style=\"display: none;\">Bitte aktiviere JavaScript in deinem Browser, um dieses Formular fertigzustellen.<\/div><div class=\"wpforms-field-container\"><div id=\"wpforms-82-field_1-container\" class=\"wpforms-field wpforms-field-name\" data-field-id=\"1\"><fieldset><legend class=\"wpforms-field-label\">Name <span class=\"wpforms-required-label\" aria-hidden=\"true\">*<\/span><\/legend><div class=\"wpforms-field-row wpforms-field-medium\"><div class=\"wpforms-field-row-block wpforms-first wpforms-one-half\"><input type=\"text\" id=\"wpforms-82-field_1\" class=\"wpforms-field-name-first wpforms-field-required\" name=\"wpforms[fields][1][first]\" aria-errormessage=\"wpforms-82-field_1-error\" required><label for=\"wpforms-82-field_1\" class=\"wpforms-field-sublabel after\">Vorname<\/label><\/div><div class=\"wpforms-field-row-block wpforms-one-half\"><input type=\"text\" id=\"wpforms-82-field_1-last\" class=\"wpforms-field-name-last wpforms-field-required\" name=\"wpforms[fields][1][last]\" aria-errormessage=\"wpforms-82-field_1-last-error\" required><label for=\"wpforms-82-field_1-last\" class=\"wpforms-field-sublabel after\">Nachname<\/label><\/div><\/div><\/fieldset><\/div><div id=\"wpforms-82-field_2-container\" class=\"wpforms-field wpforms-field-email\" data-field-id=\"2\"><label class=\"wpforms-field-label\" for=\"wpforms-82-field_2\">Email <span class=\"wpforms-required-label\" aria-hidden=\"true\">*<\/span><\/label><input type=\"email\" id=\"wpforms-82-field_2\" class=\"wpforms-field-medium wpforms-field-required\" name=\"wpforms[fields][2]\" spellcheck=\"false\" aria-errormessage=\"wpforms-82-field_2-error\" required><\/div>\t\t<div id=\"wpforms-82-field_5-container\"\n\t\t\tclass=\"wpforms-field wpforms-field-text\"\n\t\t\tdata-field-type=\"text\"\n\t\t\tdata-field-id=\"5\"\n\t\t\t>\n\t\t\t<label class=\"wpforms-field-label\" for=\"wpforms-82-field_5\" >Comment or Message<\/label>\n\t\t\t<input type=\"text\" id=\"wpforms-82-field_5\" class=\"wpforms-field-medium\" name=\"wpforms[fields][5]\" >\n\t\t<\/div>\n\t\t<div id=\"wpforms-82-field_4-container\" class=\"wpforms-field wpforms-field-number\" data-field-id=\"4\"><label class=\"wpforms-field-label\" for=\"wpforms-82-field_4\">Phone<\/label><input type=\"number\" id=\"wpforms-82-field_4\" class=\"wpforms-field-medium\" name=\"wpforms[fields][4]\" step=\"any\" aria-errormessage=\"wpforms-82-field_4-error\" ><\/div><div id=\"wpforms-82-field_3-container\" class=\"wpforms-field wpforms-field-textarea\" data-field-id=\"3\"><label class=\"wpforms-field-label\" for=\"wpforms-82-field_3\">Comment or Message<\/label><textarea id=\"wpforms-82-field_3\" class=\"wpforms-field-medium\" name=\"wpforms[fields][3]\" aria-errormessage=\"wpforms-82-field_3-error\" ><\/textarea><\/div><script>\n\t\t\t\t( function() {\n\t\t\t\t\tconst style = document.createElement( 'style' );\n\t\t\t\t\tstyle.appendChild( document.createTextNode( '#wpforms-82-field_5-container { position: absolute !important; overflow: hidden !important; display: inline !important; height: 1px !important; width: 1px !important; z-index: -1000 !important; padding: 0 !important; } #wpforms-82-field_5-container input { visibility: hidden; } #wpforms-conversational-form-page #wpforms-82-field_5-container label { counter-increment: none; }' ) );\n\t\t\t\t\tdocument.head.appendChild( style );\n\t\t\t\t\tdocument.currentScript?.remove();\n\t\t\t\t} )();\n\t\t\t<\/script><\/div><!-- .wpforms-field-container --><div class=\"wpforms-submit-container\" ><input type=\"hidden\" name=\"wpforms[id]\" value=\"82\"><input type=\"hidden\" name=\"page_title\" value=\"\"><input type=\"hidden\" name=\"page_url\" value=\"https:\/\/workvoxbv.com\/de\/index.php\/wp-json\/wp\/v2\/pages\/34\"><input type=\"hidden\" name=\"url_referer\" value=\"\"><button type=\"submit\" name=\"wpforms[submit]\" id=\"wpforms-submit-82\" class=\"wpforms-submit\" data-alt-text=\"Sending...\" data-submit-text=\"Submit\" aria-live=\"assertive\" value=\"wpforms-submit\">Submit<\/button><img decoding=\"async\" src=\"https:\/\/workvoxbv.com\/wp-content\/plugins\/wpforms-lite\/assets\/images\/submit-spin.svg\" class=\"wpforms-submit-spinner\" style=\"display: none;\" width=\"26\" height=\"26\" alt=\"Wird geladen\"><\/div><\/form><\/div>  <!-- .wpforms-container --><\/p>\n","protected":false},"excerpt":{"rendered":"<p>Wir sind \u00fcberzeugt, dass die richtige Arbeitsstelle mehr ist als nur das Besetzen einer Position \u2013 sie ist der Grundstein f\u00fcr eine sichere und nachhaltige Zukunft. Wir unterst\u00fctzen Arbeitssuchende, indem wir rechtssichere Besch\u00e4ftigungsm\u00f6glichkeiten bei zuverl\u00e4ssigen Arbeitgebern in verschiedenen Branchen anbieten. Unser Team hilft Ihnen dabei, Stellen zu finden, die Ihren F\u00e4higkeiten, Erfahrungen und pers\u00f6nlichen Zielen [&hellip;]<\/p>\n","protected":false},"author":1,"featured_media":0,"parent":0,"menu_order":0,"comment_status":"closed","ping_status":"closed","template":"","meta":{"_regular_price":[],"currency_symbol":[],"footnotes":""},"class_list":["post-34","page","type-page","status-publish","hentry"],"post_slider_layout_featured_media_urls":{"thumbnail":"","post_slider_layout_landscape_large":"","post_slider_layout_portrait_large":"","post_slider_layout_square_large":"","post_slider_layout_landscape":"","post_slider_layout_portrait":"","post_slider_layout_square":"","full":""},"_links":{"self":[{"href":"https:\/\/workvoxbv.com\/de\/index.php\/wp-json\/wp\/v2\/pages\/34","targetHints":{"allow":["GET"]}}],"collection":[{"href":"https:\/\/workvoxbv.com\/de\/index.php\/wp-json\/wp\/v2\/pages"}],"about":[{"href":"https:\/\/workvoxbv.com\/de\/index.php\/wp-json\/wp\/v2\/types\/page"}],"author":[{"embeddable":true,"href":"https:\/\/workvoxbv.com\/de\/index.php\/wp-json\/wp\/v2\/users\/1"}],"replies":[{"embeddable":true,"href":"https:\/\/workvoxbv.com\/de\/index.php\/wp-json\/wp\/v2\/comments?post=34"}],"version-history":[{"count":6,"href":"https:\/\/workvoxbv.com\/de\/index.php\/wp-json\/wp\/v2\/pages\/34\/revisions"}],"predecessor-version":[{"id":161,"href":"https:\/\/workvoxbv.com\/de\/index.php\/wp-json\/wp\/v2\/pages\/34\/revisions\/161"}],"wp:attachment":[{"href":"https:\/\/workvoxbv.com\/de\/index.php\/wp-json\/wp\/v2\/media?parent=34"}],"curies":[{"name":"wp","href":"https:\/\/api.w.org\/{rel}","templated":true}]}}