{"id":32,"date":"2026-01-10T10:28:02","date_gmt":"2026-01-10T10:28:02","guid":{"rendered":"https:\/\/workvoxbv.com\/?page_id=32"},"modified":"2026-01-27T09:53:38","modified_gmt":"2026-01-27T09:53:38","slug":"about-us","status":"publish","type":"page","link":"https:\/\/workvoxbv.com\/de\/index.php\/about-us\/","title":{"rendered":"\u00dcber uns"},"content":{"rendered":"<p data-start=\"155\" data-end=\"471\">Wir sind ein professionelles Unternehmen f\u00fcr Arbeitnehmer\u00fcberlassung und Personalvermittlung mit einem starken Engagement f\u00fcr Qualit\u00e4t und Compliance. Unsere Dienstleistungen umfassen Arbeitnehmer\u00fcberlassung, Personalvermittlung, L\u00f6sungen f\u00fcr Arbeitskr\u00e4fte aus Drittstaaten sowie Studenten- und Rentnerbesch\u00e4ftigung.<img fetchpriority=\"high\" decoding=\"async\" class=\"size-medium wp-image-99 alignright\" src=\"https:\/\/workvoxbv.com\/wp-content\/uploads\/2026\/01\/2149300646-300x200.jpg\" alt=\"\" width=\"300\" height=\"200\" srcset=\"https:\/\/workvoxbv.com\/wp-content\/uploads\/2026\/01\/2149300646-300x200.jpg 300w, https:\/\/workvoxbv.com\/wp-content\/uploads\/2026\/01\/2149300646-1024x683.jpg 1024w, https:\/\/workvoxbv.com\/wp-content\/uploads\/2026\/01\/2149300646-768x512.jpg 768w, https:\/\/workvoxbv.com\/wp-content\/uploads\/2026\/01\/2149300646-1200x800.jpg 1200w, https:\/\/workvoxbv.com\/wp-content\/uploads\/2026\/01\/2149300646-600x400.jpg 600w, https:\/\/workvoxbv.com\/wp-content\/uploads\/2026\/01\/2149300646.jpg 1500w\" sizes=\"(max-width: 300px) 100vw, 300px\" \/><\/p>\n<p data-start=\"473\" data-end=\"809\">Was uns auszeichnet, ist unser praxisnaher Ansatz und unser tiefes Verst\u00e4ndnis der Herausforderungen des Arbeitsmarktes. Wir betreuen den gesamten Besch\u00e4ftigungsprozess \u2013 von der Rekrutierung und Administration bis hin zur laufenden Betreuung \u2013 und sorgen so f\u00fcr eine reibungslose Zusammenarbeit zwischen Arbeitgebern und Arbeitnehmern.<\/p>\n<p data-start=\"811\" data-end=\"914\">Unser Unternehmen legt gro\u00dfen Wert auf Zuverl\u00e4ssigkeit, rechtliche Sicherheit und langfristigen Erfolg.<\/p>\n<p data-start=\"1445\" data-end=\"1538\">\n","protected":false},"excerpt":{"rendered":"<p>Wir sind ein professionelles Unternehmen f\u00fcr Arbeitnehmer\u00fcberlassung und Personalvermittlung mit einem starken Engagement f\u00fcr Qualit\u00e4t und Compliance. Unsere Dienstleistungen umfassen Arbeitnehmer\u00fcberlassung, Personalvermittlung, L\u00f6sungen f\u00fcr Arbeitskr\u00e4fte aus Drittstaaten sowie Studenten- und Rentnerbesch\u00e4ftigung. Was uns auszeichnet, ist unser praxisnaher Ansatz und unser tiefes Verst\u00e4ndnis der Herausforderungen des Arbeitsmarktes. Wir betreuen den gesamten Besch\u00e4ftigungsprozess \u2013 von der Rekrutierung [&hellip;]<\/p>\n","protected":false},"author":1,"featured_media":0,"parent":0,"menu_order":0,"comment_status":"closed","ping_status":"closed","template":"","meta":{"_regular_price":[],"currency_symbol":[],"footnotes":""},"class_list":["post-32","page","type-page","status-publish","hentry"],"post_slider_layout_featured_media_urls":{"thumbnail":"","post_slider_layout_landscape_large":"","post_slider_layout_portrait_large":"","post_slider_layout_square_large":"","post_slider_layout_landscape":"","post_slider_layout_portrait":"","post_slider_layout_square":"","full":""},"_links":{"self":[{"href":"https:\/\/workvoxbv.com\/de\/index.php\/wp-json\/wp\/v2\/pages\/32","targetHints":{"allow":["GET"]}}],"collection":[{"href":"https:\/\/workvoxbv.com\/de\/index.php\/wp-json\/wp\/v2\/pages"}],"about":[{"href":"https:\/\/workvoxbv.com\/de\/index.php\/wp-json\/wp\/v2\/types\/page"}],"author":[{"embeddable":true,"href":"https:\/\/workvoxbv.com\/de\/index.php\/wp-json\/wp\/v2\/users\/1"}],"replies":[{"embeddable":true,"href":"https:\/\/workvoxbv.com\/de\/index.php\/wp-json\/wp\/v2\/comments?post=32"}],"version-history":[{"count":9,"href":"https:\/\/workvoxbv.com\/de\/index.php\/wp-json\/wp\/v2\/pages\/32\/revisions"}],"predecessor-version":[{"id":137,"href":"https:\/\/workvoxbv.com\/de\/index.php\/wp-json\/wp\/v2\/pages\/32\/revisions\/137"}],"wp:attachment":[{"href":"https:\/\/workvoxbv.com\/de\/index.php\/wp-json\/wp\/v2\/media?parent=32"}],"curies":[{"name":"wp","href":"https:\/\/api.w.org\/{rel}","templated":true}]}}